{"id":1003,"date":"2024-04-03T19:59:30","date_gmt":"2024-04-03T17:59:30","guid":{"rendered":"https:\/\/valasskysalet.com\/?page_id=1003"},"modified":"2026-03-17T09:50:14","modified_gmt":"2026-03-17T08:50:14","slug":"cenik","status":"publish","type":"page","link":"https:\/\/valasskysalet.com\/en\/cenik\/","title":{"rendered":"Price list"},"content":{"rendered":"<div data-elementor-type=\"wp-page\" data-elementor-id=\"1003\" class=\"elementor elementor-1003\">\n\t\t\t\t\t\t<section class=\"elementor-section elementor-top-section elementor-element elementor-element-596203fa elementor-section-boxed elementor-section-height-default elementor-section-height-default\" data-id=\"596203fa\" data-element_type=\"section\">\n\t\t\t\t\t\t<div class=\"elementor-container elementor-column-gap-no\">\n\t\t\t\t\t<div class=\"aux-parallax-section elementor-column elementor-col-100 elementor-top-column elementor-element elementor-element-4e73da40\" data-id=\"4e73da40\" data-element_type=\"column\">\n\t\t\t<div class=\"elementor-widget-wrap elementor-element-populated\">\n\t\t\t\t\t\t<div class=\"elementor-element elementor-element-77e07da5 elementor-widget elementor-widget-aux_modern_heading\" data-id=\"77e07da5\" data-element_type=\"widget\" data-widget_type=\"aux_modern_heading.default\">\n\t\t\t\t<div class=\"elementor-widget-container\">\n\t\t\t<section class=\"aux-widget-modern-heading\">\n            <div class=\"aux-widget-inner\"><h5 class=\"aux-modern-heading-primary\"><\/h5><h3 class=\"aux-modern-heading-secondary\"><span class=\"aux-head-before\">CEN\u00cdK 2026\/27<\/span><\/h3><\/div>\n        <\/section>\t\t<\/div>\n\t\t\t\t<\/div>\n\t\t\t\t<div class=\"elementor-element elementor-element-9814cf9 elementor-widget elementor-widget-html\" data-id=\"9814cf9\" data-element_type=\"widget\" data-widget_type=\"html.default\">\n\t\t\t\t<div class=\"elementor-widget-container\">\n\t\t\t<table class=\"table table-striped mb-40\">\n\t\t\t\t\t  <thead>\n\t\t\t\t\t\t<tr>\n\t\t\t\t\t\t  <th><\/th>\n\t\t\t\t\t\t  <th>I. Weekdays <br> \n\t\t\t\t<br> \n\t\t\t\t\t\t <\/th><\/th>\n\t\t\t\t\t\t\n\t\t\t\t\t<th><b><\/b>II. Weekends<br>2, 3<\/th>\t  <th><b><\/b>III. Weekends<br>4, 11, 12<\/th>\n\t\t\t  <th> IV. V\u00edkendy<br>1, 5, 6, 9, 10<br><\/th>\n\t\t\t\t\t\t\t\n<th><b>V. Letn\u00ed sez\u00f3na\n<br> (28.6.-31.8.) <br>\n\t\t\t\t\t\t<\/th>\n\t\t\t\t\t<th><b>VI. Silvestr <br> Velikonoce<br> \n\t\t\t\t\t<\/th>\t\n\t\t\t\t\t\t\n\t\t\t\t\t\t\t\n\n\t\t\t\t\t\t<\/tr>\n\t\t\t\t\t  <\/thead>\n\t\t\t\t\t  <tbody>\n\t\t\t\t\t\t<tr>\n\t\t\t\t\t\t  <td>1. Mal\u00e1 chalupa (<b>a\u017e 8 l\u016f\u017eek) \/ 1 noc<\/td>\n\t\t\t\t\t\t  <td>3 500,- K\u010d <\/td>\n\t\t\t\t\t\t  \t<td>4 200,- K\u010d<\/td>\n\t\t\t\t\t<td>4 400,- K\u010d<\/td>\t  <td>4 600,- K\u010d<\/td>\n\t\t\t\t\t\t  <td>unavailable<\/b><\/td><td>unavailable<\/b><\/td>\n\n\t\t\t\t\t\t<\/tr>\n\t\t\t\t\t\t<tr>\n\t\t\t\t\t\t  <td>2. Velk\u00e1 chalupa (<b>a\u017e 24 l\u016f\u017eek) \/ 1 noc<\/td>\n\t\t\t\t\t\t  <td>15 900,- K\u010d<\/td>\n\t\t\t\t\t\t  <td>17 900,- K\u010d<\/td>\n\t\t\t\t\t<td>18 900,- K\u010d<\/td>\t  <td>19 900,- K\u010d<\/td>\n\t\t\t\t\t\t  <td>unavailable<\/b><\/td><td>unavailable<\/b><\/td>\n\t\t\t\t\t\t \n\t\t\t\t\t\t\n\t\t\t\t\t\t<\/tr>\n\t\t\t\t\t\t<tr>\n\t\t\t\t\t\t  <td>3. Mal\u00e1 a Velk\u00e1 (<b>a\u017e 32 l\u016f\u017eek) \/ 1 noc<\/td>\n\t\t\t\t\t\t  <td>17 900,-K\u010d<\/td>\n\t\t\t\t\t\t  <td>19 900,- K\u010d<\/td>\t\n\t\t\t\t<td>20 900,- K\u010d<\/td>\t\t  <td>22 900,-K\u010d<\/td>\n\t\t\t\t\t\t  <td>19 900,-K\u010d \t<\/td><td>21 900,-K\u010d<\/td>\n\t\t\t\t\t\t  \n\t\t\t\t\t\t  \n\t\t\t\t\t\t<\/tr>\n\t\t\t\n\t\t\t\t\t\t  \n\t\t\t\t\t\t  \n\t\t\t\t\t\t<\/tr>\t\t\n\t\t\t\t\t\t\t<tr>\n\t\t\t\t\t\t  <td>Vlastn\u00ed p\u0159ist\u00fdlka (<b>max. 5 osob nav\u00edc ) \/ 1 noc<\/td>\n\t\t\t\t\t\t  <td>250,-K\u010d<\/td>\n\t\t\t\t\t\t  <td>250,-K\u010d<\/td>\n\t\t\t\t<td>250,-K\u010d<\/td>\t\t  <td>250,-K\u010d <\/td>\n\t\t\t\t\t\t  <td>350,-K\u010d<\/td><td>350,-K\u010d<\/td>\n\t\t\t\t\t\t  \n\t\t\t\t\t\t  \n\t\t\t\t\t\t<\/tr>\n\t\t\t\t\t\t<tr>\n\t\t\t\t\t\t  <td>Poplatek za \u00faklid<\/td>\n\t\t\t\t\t\t  <td>-<\/td>\n\t\t\t\t\t\t  <td>-<\/td>\n\t\t\t\t<td>-<\/td>\t\t  <td>- <\/td>\n\t\t\t\t\t\t  <td>3 000,-K\u010d<\/td><td>-<\/td>\n\t\t\t\t\t\t  \n\t\t\t\t\t\t  \n\t\t\t\t\t\t<\/tr>\n            <tr>\n\t\t\t\t\t\t  \n\t\t\t\t\t\t  \n\t\t\t\t\t\t \n\t\t\t\n\t\t\t\t\t\t  \t  \n\t\t\t\t\t\t<\/tr>\n\t\t\t<tr>\n\t\t\t\t\t\t  <td>Wellness (11.00 - 22.00) \/ 1 den<\/td>\n\t\t\t\t\t\t  <td>500,- K\u010d<\/td>\n\t\t\t\t\t\t  <td>500,- K\u010d<\/td>\n\t\t\t\t\t<td>500,- K\u010d<\/td>\t  <td>500,- K\u010d<\/td>\n\t\t\t\t\t\t<td>500,- K\u010d<\/td><td>500,- K\u010d<\/td>  \n\t\t\t\t<tr>\n\t\t\t\t    <td>Sauna (11.00 - 22.00) \/ 1 den<\/td>\n\t\t\t\t\t\t  <td>300,- K\u010d<\/td>\n\t\t\t\t\t\t  <td>300,- K\u010d<\/td>\n\t\t\t\t\t\t  <td>300,- K\u010d<\/td>\n\t\t\t\t\t\t  <td>300,- K\u010d<\/td>\n\t\t\t\t\t\t<td>300,- K\u010d<\/td><td>300,- K\u010d<\/td>  \n\t\t\t\t<tr>\n\t\t\t\t\t\t  \t  <td>Pes (max. dva st\u0159edn\u011b velc\u00ed psi) \/ 1 den<\/td>\n\t\t\t\t\t\t  <td>200,- K\u010d<\/td>\n\t\t\t\t\t\t  <td>200,- K\u010d<\/td>\n\t\t\t\t\t\t  <td>200,- K\u010d<\/td>\n\t\t\t\t\t\t  <td>200,- K\u010d<\/td>\n\t\t\t\t\t\t<td>200,- K\u010d<\/td><td>200,- K\u010d<\/td>\n\t\t\t\t\t\t<\/tr>\n\n\n\n\n\n\t\t\t     <\/tbody>\n\t\t\t\t\t<\/table>\t\t<\/div>\n\t\t\t\t<\/div>\n\t\t\t\t<div class=\"elementor-element elementor-element-e666f5a elementor-widget elementor-widget-text-editor\" data-id=\"e666f5a\" data-element_type=\"widget\" data-widget_type=\"text-editor.default\">\n\t\t\t\t<div class=\"elementor-widget-container\">\n\t\t\t<style>\/*! elementor - v3.21.0 - 18-04-2024 *\/\n.elementor-widget-text-editor.elementor-drop-cap-view-stacked .elementor-drop-cap{background-color:#69727d;color:#fff}.elementor-widget-text-editor.elementor-drop-cap-view-framed .elementor-drop-cap{color:#69727d;border:3px solid;background-color:transparent}.elementor-widget-text-editor:not(.elementor-drop-cap-view-default) .elementor-drop-cap{margin-top:8px}.elementor-widget-text-editor:not(.elementor-drop-cap-view-default) .elementor-drop-cap-letter{width:1em;height:1em}.elementor-widget-text-editor .elementor-drop-cap{float:left;text-align:center;line-height:1;font-size:50px}.elementor-widget-text-editor .elementor-drop-cap-letter{display:inline-block}<\/style>\t\t\t\t<ul><li><strong><span style=\"font-size: 16.0016px;\">The listed<\/span><span style=\"font-size: 16.0016px;\"> prices do not include the recreation fee of CZK 35\/person over 18 years)\/night. The holiday fee is paid in cash or by transfer on the spot.<\/span><\/strong><\/li><li><strong>Sleva 8% na pobyty na 3 a v\u00edce noc\u00ed (mimo letn\u00ed sez\u00f3nu, Velikonoce a Silvestr).\u00a0<\/strong><\/li><li><strong>Sleva 15% na pobyty na 4 a v\u00edce noc\u00ed (mimo letn\u00ed sez\u00f3nu, Velikonoce a Silvestr).\u00a0<\/strong><\/li><li>Wellness lze vyu\u017e\u00edt pouze v p\u0159\u00edpad\u011b pron\u00e1jmu Velk\u00e9 chalupy nebo obou chalup sou\u010dasn\u011b. Pokud to situace umo\u017e\u0148uje, za poplatek mohou Wellness vyu\u017e\u00edt i host\u00e9 na Mal\u00e9 chalup\u011b.<\/li><li>Christmas stays are permanently unavailable<\/li><li>Ubytov\u00e1n\u00ed se psy je mo\u017en\u00e9 pouze po p\u0159edchoz\u00ed domluv\u011b. Ostatn\u00ed dom\u00e1c\u00ed zv\u00ed\u0159\u00e1tka nejsou povolena.<\/li><li>The lessor may request payment of a refundable security deposit.<\/li><\/ul>\t\t\t\t\t\t<\/div>\n\t\t\t\t<\/div>\n\t\t\t\t\t<\/div>\n\t\t<\/div>\n\t\t\t\t\t<\/div>\n\t\t<\/section>\n\t\t\t\t<section class=\"elementor-section elementor-top-section elementor-element elementor-element-78225720 elementor-section-boxed elementor-section-height-default elementor-section-height-default\" data-id=\"78225720\" data-element_type=\"section\">\n\t\t\t\t\t\t<div class=\"elementor-container elementor-column-gap-no\">\n\t\t\t\t\t<div class=\"aux-parallax-section elementor-column elementor-col-100 elementor-top-column elementor-element elementor-element-290581e7\" data-id=\"290581e7\" data-element_type=\"column\" data-settings=\"{&quot;background_background&quot;:&quot;classic&quot;}\">\n\t\t\t<div class=\"elementor-widget-wrap elementor-element-populated\">\n\t\t\t\t\t<div class=\"elementor-background-overlay\"><\/div>\n\t\t\t\t\t\t<section class=\"elementor-section elementor-inner-section elementor-element elementor-element-42f9d16a elementor-section-boxed elementor-section-height-default elementor-section-height-default\" data-id=\"42f9d16a\" data-element_type=\"section\">\n\t\t\t\t\t\t<div class=\"elementor-container elementor-column-gap-no\">\n\t\t\t\t\t<div class=\"aux-parallax-section elementor-column elementor-col-33 elementor-inner-column elementor-element elementor-element-361ab348\" data-id=\"361ab348\" data-element_type=\"column\">\n\t\t\t<div class=\"elementor-widget-wrap elementor-element-populated\">\n\t\t\t\t\t\t<div class=\"elementor-element elementor-element-77a7a400 elementor-widget elementor-widget-heading\" data-id=\"77a7a400\" data-element_type=\"widget\" data-widget_type=\"heading.default\">\n\t\t\t\t<div class=\"elementor-widget-container\">\n\t\t\t<style>\/*! elementor - v3.21.0 - 18-04-2024 *\/\n.elementor-heading-title{padding:0;margin:0;line-height:1}.elementor-widget-heading .elementor-heading-title[class*=elementor-size-]>a{color:inherit;font-size:inherit;line-height:inherit}.elementor-widget-heading .elementor-heading-title.elementor-size-small{font-size:15px}.elementor-widget-heading .elementor-heading-title.elementor-size-medium{font-size:19px}.elementor-widget-heading .elementor-heading-title.elementor-size-large{font-size:29px}.elementor-widget-heading .elementor-heading-title.elementor-size-xl{font-size:39px}.elementor-widget-heading .elementor-heading-title.elementor-size-xxl{font-size:59px}<\/style><h2 class=\"elementor-heading-title elementor-size-default\">Check-in\/out, payments<\/h2>\t\t<\/div>\n\t\t\t\t<\/div>\n\t\t\t\t<div class=\"elementor-element elementor-element-368aba81 elementor-widget elementor-widget-aux_icon_list\" data-id=\"368aba81\" data-element_type=\"widget\" data-widget_type=\"aux_icon_list.default\">\n\t\t\t\t<div class=\"elementor-widget-container\">\n\t\t\t<section class=\"widget-container aux-widget-icon-list aux-parent-aud4e4c47f\" style=\"\" ><div class=\"widget-inner\"><div class=\"aux-widget-icon-list-inner\"><ul class=\"aux-icon-list-items aux-direction-default\" ><li class=\"aux-icon-list-item aux-list-item-has-icon aux-icon-list-item-4f04e75 elementor-repeater-item-4f04e75\" ><span class=\"aux-icon-list-icon auxicon auxicon-check-mark-circle-outline\" ><\/span><span class=\"aux-icon-list-text\" >Check-in v\u00edkendy a v\u0161edn\u00ed dny: od 15.00<\/span><\/li><li class=\"aux-icon-list-item aux-list-item-has-icon aux-icon-list-item-4ce19a2 elementor-repeater-item-4ce19a2\" ><span class=\"aux-icon-list-icon auxicon auxicon-check-mark-circle-outline\" ><\/span><span class=\"aux-icon-list-text\" >Check-out v\u00edkendy a v\u0161edn\u00ed dny: do 10.00 (po dohod\u011b lze domluvit i pozd\u011bji)<\/span><\/li><li class=\"aux-icon-list-item aux-list-item-has-icon aux-icon-list-item-3dde5e3 elementor-repeater-item-3dde5e3\" ><span class=\"aux-icon-list-icon auxicon auxicon-check-mark-circle-outline\" ><\/span><span class=\"aux-icon-list-text\" >Check-in\/out letn\u00ed sez\u00f3na: sobota od 16.00 \/ do sobota 10.00<\/span><\/li><li class=\"aux-icon-list-item aux-list-item-has-icon aux-icon-list-item-4f00e0b elementor-repeater-item-4f00e0b\" ><span class=\"aux-icon-list-icon auxicon auxicon-check-mark-circle-outline\" ><\/span><span class=\"aux-icon-list-text\" >Accommodation reservation: 30% deposit<\/span><\/li><li class=\"aux-icon-list-item aux-list-item-has-icon aux-icon-list-item-28b4324 elementor-repeater-item-28b4324\" ><span class=\"aux-icon-list-icon auxicon auxicon-check-mark-circle-outline\" ><\/span><span class=\"aux-icon-list-text\" >Supplement for the stay: cash on the spot or by bank transfer before arrival<\/span><\/li><\/ul><\/div><\/div><\/section><!-- widget-container -->\t\t<\/div>\n\t\t\t\t<\/div>\n\t\t\t\t\t<\/div>\n\t\t<\/div>\n\t\t\t\t<div class=\"aux-parallax-section elementor-column elementor-col-33 elementor-inner-column elementor-element elementor-element-6183d0b9\" data-id=\"6183d0b9\" data-element_type=\"column\">\n\t\t\t<div class=\"elementor-widget-wrap elementor-element-populated\">\n\t\t\t\t\t\t<div class=\"elementor-element elementor-element-360eb6ea elementor-widget elementor-widget-heading\" data-id=\"360eb6ea\" data-element_type=\"widget\" data-widget_type=\"heading.default\">\n\t\t\t\t<div class=\"elementor-widget-container\">\n\t\t\t<h2 class=\"elementor-heading-title elementor-size-default\">Price includes<\/h2>\t\t<\/div>\n\t\t\t\t<\/div>\n\t\t\t\t<div class=\"elementor-element elementor-element-65c061b5 elementor-widget elementor-widget-aux_icon_list\" data-id=\"65c061b5\" data-element_type=\"widget\" data-widget_type=\"aux_icon_list.default\">\n\t\t\t\t<div class=\"elementor-widget-container\">\n\t\t\t<section class=\"widget-container aux-widget-icon-list aux-parent-aubb0d9609\" style=\"\" ><div class=\"widget-inner\"><div class=\"aux-widget-icon-list-inner\"><ul class=\"aux-icon-list-items aux-direction-default\" ><li class=\"aux-icon-list-item aux-list-item-has-icon aux-icon-list-item-04f00a6 elementor-repeater-item-04f00a6\" ><span class=\"aux-icon-list-icon auxicon auxicon-check-mark-circle-outline\" ><\/span><span class=\"aux-icon-list-text\" >bed linen and towels on the day of arrival<\/span><\/li><li class=\"aux-icon-list-item aux-list-item-has-icon aux-icon-list-item-b99cb00 elementor-repeater-item-b99cb00\" ><span class=\"aux-icon-list-icon auxicon auxicon-check-mark-circle-outline\" ><\/span><span class=\"aux-icon-list-text\" >Use of sports fields and swimming pool<\/span><\/li><li class=\"aux-icon-list-item aux-list-item-has-icon aux-icon-list-item-f8cc1fc elementor-repeater-item-f8cc1fc\" ><span class=\"aux-icon-list-icon auxicon auxicon-check-mark-circle-outline\" ><\/span><span class=\"aux-icon-list-text\" >Vyu\u017eit\u00ed wellness (pouze Velk\u00e1 chalupa)<\/span><\/li><li class=\"aux-icon-list-item aux-list-item-has-icon aux-icon-list-item-2815dda elementor-repeater-item-2815dda\" ><span class=\"aux-icon-list-icon auxicon auxicon-check-mark-circle-outline\" ><\/span><span class=\"aux-icon-list-text\" >toiletries (soap, toilet paper)<\/span><\/li><li class=\"aux-icon-list-item aux-list-item-has-icon aux-icon-list-item-f1777e4 elementor-repeater-item-f1777e4\" ><span class=\"aux-icon-list-icon auxicon auxicon-check-mark-circle-outline\" ><\/span><span class=\"aux-icon-list-text\" >Basic cleaning products for the kitchen<\/span><\/li><li class=\"aux-icon-list-item aux-list-item-has-icon aux-icon-list-item-1dd6a54 elementor-repeater-item-1dd6a54\" ><span class=\"aux-icon-list-icon auxicon auxicon-check-mark-circle-outline\" ><\/span><span class=\"aux-icon-list-text\" >Energy consumed<\/span><\/li><li class=\"aux-icon-list-item aux-list-item-has-icon aux-icon-list-item-1f19c81 elementor-repeater-item-1f19c81\" ><span class=\"aux-icon-list-icon auxicon auxicon-check-mark-circle-outline\" ><\/span><span class=\"aux-icon-list-text\" >Wood for heating<\/span><\/li><li class=\"aux-icon-list-item aux-list-item-has-icon aux-icon-list-item-1e8bafb elementor-repeater-item-1e8bafb\" ><span class=\"aux-icon-list-icon auxicon auxicon-check-mark-circle-outline\" ><\/span><span class=\"aux-icon-list-text\" >Plyn na grilov\u00e1n\u00ed<\/span><\/li><\/ul><\/div><\/div><\/section><!-- widget-container -->\t\t<\/div>\n\t\t\t\t<\/div>\n\t\t\t\t\t<\/div>\n\t\t<\/div>\n\t\t\t\t<div class=\"aux-parallax-section elementor-column elementor-col-33 elementor-inner-column elementor-element elementor-element-6603ba9\" data-id=\"6603ba9\" data-element_type=\"column\">\n\t\t\t<div class=\"elementor-widget-wrap elementor-element-populated\">\n\t\t\t\t\t\t<div class=\"elementor-element elementor-element-34f8024 elementor-widget elementor-widget-heading\" data-id=\"34f8024\" data-element_type=\"widget\" data-widget_type=\"heading.default\">\n\t\t\t\t<div class=\"elementor-widget-container\">\n\t\t\t<h2 class=\"elementor-heading-title elementor-size-default\">Minimum length of stay<\/h2>\t\t<\/div>\n\t\t\t\t<\/div>\n\t\t\t\t<div class=\"elementor-element elementor-element-dbab382 elementor-widget elementor-widget-aux_icon_list\" data-id=\"dbab382\" data-element_type=\"widget\" data-widget_type=\"aux_icon_list.default\">\n\t\t\t\t<div class=\"elementor-widget-container\">\n\t\t\t<section class=\"widget-container aux-widget-icon-list aux-parent-aub8fcec43\" style=\"\" ><div class=\"widget-inner\"><div class=\"aux-widget-icon-list-inner\"><ul class=\"aux-icon-list-items aux-direction-default\" ><li class=\"aux-icon-list-item aux-list-item-has-icon aux-icon-list-item-3dde5e3 elementor-repeater-item-3dde5e3\" ><span class=\"aux-icon-list-icon auxicon auxicon-check-mark-circle-outline\" ><\/span><span class=\"aux-icon-list-text\" >Low season: minimum 2 nights<\/span><\/li><li class=\"aux-icon-list-item aux-list-item-has-icon aux-icon-list-item-dc68c55 elementor-repeater-item-dc68c55\" ><span class=\"aux-icon-list-icon auxicon auxicon-check-mark-circle-outline\" ><\/span><span class=\"aux-icon-list-text\" >Easter: minimum 4 nights<\/span><\/li><li class=\"aux-icon-list-item aux-list-item-has-icon aux-icon-list-item-0b8bd2d elementor-repeater-item-0b8bd2d\" ><span class=\"aux-icon-list-icon auxicon auxicon-check-mark-circle-outline\" ><\/span><span class=\"aux-icon-list-text\" >Summer season from 28.6 to 31.8 - rent only both chalets at the same time for 7 nights from Saturday to Saturday<\/span><\/li><li class=\"aux-icon-list-item aux-list-item-has-icon aux-icon-list-item-34d665b elementor-repeater-item-34d665b\" ><span class=\"aux-icon-list-icon auxicon auxicon-check-mark-circle-outline\" ><\/span><span class=\"aux-icon-list-text\" >New Year's Eve: minimum 5 nights<\/span><\/li><\/ul><\/div><\/div><\/section><!-- widget-container -->\t\t<\/div>\n\t\t\t\t<\/div>\n\t\t\t\t\t<\/div>\n\t\t<\/div>\n\t\t\t\t\t<\/div>\n\t\t<\/section>\n\t\t\t\t\t<\/div>\n\t\t<\/div>\n\t\t\t\t\t<\/div>\n\t\t<\/section>\n\t\t<div class=\"elementor-element elementor-element-70920629 e-flex e-con-boxed e-con e-parent\" data-id=\"70920629\" data-element_type=\"container\">\n\t\t\t\t\t<div class=\"e-con-inner\">\n\t\t\t\t<div class=\"elementor-element elementor-element-6a68bc6f elementor-widget elementor-widget-spacer\" data-id=\"6a68bc6f\" data-element_type=\"widget\" data-widget_type=\"spacer.default\">\n\t\t\t\t<div class=\"elementor-widget-container\">\n\t\t\t<style>\/*! elementor - v3.21.0 - 18-04-2024 *\/\n.elementor-column .elementor-spacer-inner{height:var(--spacer-size)}.e-con{--container-widget-width:100%}.e-con-inner>.elementor-widget-spacer,.e-con>.elementor-widget-spacer{width:var(--container-widget-width,var(--spacer-size));--align-self:var(--container-widget-align-self,initial);--flex-shrink:0}.e-con-inner>.elementor-widget-spacer>.elementor-widget-container,.e-con>.elementor-widget-spacer>.elementor-widget-container{height:100%;width:100%}.e-con-inner>.elementor-widget-spacer>.elementor-widget-container>.elementor-spacer,.e-con>.elementor-widget-spacer>.elementor-widget-container>.elementor-spacer{height:100%}.e-con-inner>.elementor-widget-spacer>.elementor-widget-container>.elementor-spacer>.elementor-spacer-inner,.e-con>.elementor-widget-spacer>.elementor-widget-container>.elementor-spacer>.elementor-spacer-inner{height:var(--container-widget-height,var(--spacer-size))}.e-con-inner>.elementor-widget-spacer.elementor-widget-empty,.e-con>.elementor-widget-spacer.elementor-widget-empty{position:relative;min-height:22px;min-width:22px}.e-con-inner>.elementor-widget-spacer.elementor-widget-empty .elementor-widget-empty-icon,.e-con>.elementor-widget-spacer.elementor-widget-empty .elementor-widget-empty-icon{position:absolute;top:0;bottom:0;left:0;right:0;margin:auto;padding:0;width:22px;height:22px}<\/style>\t\t<div class=\"elementor-spacer\">\n\t\t\t<div class=\"elementor-spacer-inner\"><\/div>\n\t\t<\/div>\n\t\t\t\t<\/div>\n\t\t\t\t<\/div>\n\t\t\t\t\t<\/div>\n\t\t\t\t<\/div>\n\t\t\t\t<\/div>","protected":false},"excerpt":{"rendered":"<p>CEN\u00cdK 2026\/27 I. V\u0161edn\u00ed dny II. V\u00edkendy2, 3 III. V\u00edkendy4, 11, 12 IV. V\u00edkendy1, 5, 6, 9, 10 V. Letn\u00ed sez\u00f3na (28.6.-31.8.) VI. Silvestr Velikonoce 1. Mal\u00e1 chalupa (a\u017e 8 l\u016f\u017eek) \/ 1 noc 3 500,- K\u010d 4 200,- K\u010d 4 400,- K\u010d 4 600,- K\u010d nedostupn\u00e1 nedostupn\u00e1 2. Velk\u00e1 chalupa (a\u017e 24 l\u016f\u017eek) \/ [&hellip;]<\/p>","protected":false},"author":1,"featured_media":0,"parent":0,"menu_order":0,"comment_status":"closed","ping_status":"closed","template":"","meta":{"footnotes":""},"class_list":["post-1003","page","type-page","status-publish","hentry"],"_links":{"self":[{"href":"https:\/\/valasskysalet.com\/en\/wp-json\/wp\/v2\/pages\/1003","targetHints":{"allow":["GET"]}}],"collection":[{"href":"https:\/\/valasskysalet.com\/en\/wp-json\/wp\/v2\/pages"}],"about":[{"href":"https:\/\/valasskysalet.com\/en\/wp-json\/wp\/v2\/types\/page"}],"author":[{"embeddable":true,"href":"https:\/\/valasskysalet.com\/en\/wp-json\/wp\/v2\/users\/1"}],"replies":[{"embeddable":true,"href":"https:\/\/valasskysalet.com\/en\/wp-json\/wp\/v2\/comments?post=1003"}],"version-history":[{"count":368,"href":"https:\/\/valasskysalet.com\/en\/wp-json\/wp\/v2\/pages\/1003\/revisions"}],"predecessor-version":[{"id":2067,"href":"https:\/\/valasskysalet.com\/en\/wp-json\/wp\/v2\/pages\/1003\/revisions\/2067"}],"wp:attachment":[{"href":"https:\/\/valasskysalet.com\/en\/wp-json\/wp\/v2\/media?parent=1003"}],"curies":[{"name":"wp","href":"https:\/\/api.w.org\/{rel}","templated":true}]}}