{"id":1208,"date":"2024-04-17T12:30:37","date_gmt":"2024-04-17T10:30:37","guid":{"rendered":"https:\/\/valasskysalet.com\/?page_id=1208"},"modified":"2024-04-17T12:32:25","modified_gmt":"2024-04-17T10:32:25","slug":"podminky-ochrany-osobnich-udaju","status":"publish","type":"page","link":"https:\/\/valasskysalet.com\/en\/podminky-ochrany-osobnich-udaju\/","title":{"rendered":"Terms of personal data protection"},"content":{"rendered":"<div data-elementor-type=\"wp-page\" data-elementor-id=\"1208\" class=\"elementor elementor-1208\">\n\t\t\t\t\t\t<section class=\"elementor-section elementor-top-section elementor-element elementor-element-200a1447 elementor-section-boxed elementor-section-height-default elementor-section-height-default\" data-id=\"200a1447\" data-element_type=\"section\">\n\t\t\t\t\t\t<div class=\"elementor-container elementor-column-gap-no\">\n\t\t\t\t\t<div class=\"aux-parallax-section elementor-column elementor-col-100 elementor-top-column elementor-element elementor-element-b91f888\" data-id=\"b91f888\" data-element_type=\"column\">\n\t\t\t<div class=\"elementor-widget-wrap elementor-element-populated\">\n\t\t\t\t\t\t<div class=\"elementor-element elementor-element-4ecd4dfb elementor-widget elementor-widget-aux_modern_heading\" data-id=\"4ecd4dfb\" data-element_type=\"widget\" data-widget_type=\"aux_modern_heading.default\">\n\t\t\t\t<div class=\"elementor-widget-container\">\n\t\t\t<section class=\"aux-widget-modern-heading\">\n            <div class=\"aux-widget-inner\"><h5 class=\"aux-modern-heading-primary\"><\/h5><h3 class=\"aux-modern-heading-secondary\"><span class=\"aux-head-before\">Terms of personal data protection<\/span><\/h3><div class=\"aux-modern-heading-description\"><p><strong>I. Basic provisions<\/strong><br \/><br \/>1. The administrator of personal data according to Article 4 point 7 of Regulation (EU) 2016\/679 of the European Parliament and of the Council on the protection of natural persons in connection with the processing of personal data and on the free movement of such data (hereinafter: \"GDPR\") is Green Goal, s.r.o. ID number 05244803 with registered office at He\u0159manova 567\/61, Prague 7 (hereinafter: \"administrator\").<br \/><br \/>2. The administrator's contact details are<br \/>Address: Vala\u0161sk\u00e9 Chalupy, Pod\u0165at\u00e9 1003, Velk\u00e9 Karlovice, 756 06<br \/>Email: info@valasskechalupy.cz<br \/><br \/>3. Personal data means all information about an identified or identifiable natural person; an identifiable natural person is a natural person who can be directly or indirectly identified, in particular by reference to a certain identifier, for example a name, identification number, location data, network identifier or to one or more special elements of physical, physiological, genetic, psychological, economic, cultural or social identity of this natural person.<br \/><br \/>4. The administrator did not appoint a personal data protection officer.<br \/><br \/><strong>II. Sources and categories of processed personal data<\/strong><br \/>1. The administrator processes personal data that you have provided to him\/her or personal data that the administrator has obtained based on the fulfillment of the contract \/ your order.<br \/>2. The administrator processes your identification and contact data and the data necessary for the performance of the contract.<br \/><br \/><strong>III. Legal reason and purpose of personal data processing<\/strong><br \/><br \/>1. The legal reason for processing personal data is<br \/>\u2022 performance of the contract between you and the administrator according to Article 6 paragraph 1 letter b) GDPR,<br \/>\u2022 the administrator's legitimate interest in providing direct marketing (especially for sending commercial messages and newsletters) according to Article 6, paragraph 1 letter f) GDPR,<br \/>\u2022 Your consent to processing for the purposes of providing direct marketing (in particular for sending business communications and newsletters) pursuant to Article 6, paragraph 1 letter a) GDPR in connection with \u00a7 7 paragraph 2 of Act No. 480\/2004 Coll., on certain information society services in the event that no goods or services have been ordered.<br \/><br \/>2. The purpose of personal data processing is<br \/>\u2022 processing your order and exercising the rights and obligations arising from the contractual relationship between you and the administrator; when placing an order, personal data are required that are necessary for the successful processing of the order (name and address, contact), the provision of personal data is a necessary requirement for the conclusion and fulfillment of the contract, without the provision of personal data it is not possible to conclude the contract or fulfill it on the part of the administrator,<br \/>\u2022 sending business messages and doing other marketing activities.<br \/>3. There is no automatic individual decision-making by the administrator in the sense of Article 22 of the GDPR. You have given your express consent to such processing.<br \/><br \/><strong>IV. Data retention period<\/strong><br \/><br \/>1. The administrator stores personal data<br \/>\u2022 for the period necessary to exercise the rights and obligations arising from the contractual relationship between you and the controller and to exercise claims from these contractual relationships (for a period of 15 years from the termination of the contractual relationship).<br \/>\u2022 for the period until the consent to the processing of personal data for marketing purposes is revoked, a maximum of 5 years, if the personal data is processed on the basis of consent.<br \/>2. After the personal data storage period has expired, the administrator will delete the personal data.<br \/><br \/><strong>V. Recipients of personal data (subcontractors of the administrator)<\/strong><br \/><br \/>1. Recipients of personal data are persons<br \/>\u2022 participating in the delivery of goods \/ services \/ realization of payments based on the contract,<br \/>\u2022 providing e-shop operation services and other services in connection with e-shop operation,<br \/>\u2022 providing marketing services.<br \/>2. The administrator does not intend to transfer personal data to a third country (a country outside the EU) or an international organization.<br \/>3. Operated services, providing marketing and support services<br \/>\u2022 Google analytics \u2013 records cookies and website usage<br \/>\u2022 Google Adwords \u2013 records cookies and website usage<br \/>\u2022 Google shopping \u2013 review request, records email if you agree in the order process<br \/>\u2022 Heureka \u2013 records purchase conversions and email for the \"Verified by Customers\" service<br \/>\u2022 Zbo\u017e\u00ed.cz \u2013 records purchase conversions and email<br \/>\u2022 Click - records cookies, website usage, purchase conversions<br \/><br \/><strong>VI. Your rights<\/strong><br \/><br \/>1. Under the conditions set out in the GDPR, you have<br \/>\u2022 the right to access your personal data according to Article 15 GDPR,<br \/>\u2022 the right to rectification of personal data according to Article 16 GDPR, or restriction of processing according to Article 18 GDPR.<br \/>\u2022 the right to erasure of personal data according to Article 17 GDPR.<br \/>\u2022 the right to object to processing according to Article 21 GDPR and<br \/>\u2022 the right to data portability according to Article 20 GDPR.<br \/>\u2022 the right to withdraw consent to processing in writing or electronically to the address or email address of the administrator listed in Article III of these terms and conditions. You can revoke consent at any time in your own customer account.<br \/>2. You also have the right to file a complaint with the Office for the Protection of Personal Data if you believe that your right to the protection of personal data has been violated.<br \/><br \/><strong>VII. Terms of security of personal data<\/strong><br \/><br \/>1. The administrator declares that he has taken all appropriate technical and organizational measures to secure personal data.<br \/>2. The administrator has taken technical measures to secure data stores and personal data stores in paper form, in particular secure \/ encrypted access to the website, encryption of customer passwords in the database, regular system updates, regular system backups.<br \/>3. The administrator declares that only persons authorized by him have access to personal data.<br \/><br \/><strong>VIII. Final Provisions<\/strong><br \/><br \/>1. By submitting an order from the online order form, you confirm that you are familiar with the terms of personal data protection and that you accept them in their entirety.<br \/>2. You agree to these terms and conditions by ticking the consent through the internet form. By checking consent, you confirm that you are familiar with the terms of personal data protection and that you accept them in their entirety.<br \/>3. The administrator is authorized to change these conditions. It will publish the new version of the personal data protection conditions on its website and at the same time send you the new version of these conditions to your e-mail address, which you have provided to the administrator. These terms and conditions take effect on 5\/25\/2018.<\/p><\/div><\/div>\n        <\/section>\t\t<\/div>\n\t\t\t\t<\/div>\n\t\t\t\t\t<\/div>\n\t\t<\/div>\n\t\t\t\t\t<\/div>\n\t\t<\/section>\n\t\t<div class=\"elementor-element elementor-element-6ad32c1a e-flex e-con-boxed e-con e-parent\" data-id=\"6ad32c1a\" data-element_type=\"container\">\n\t\t\t\t\t<div class=\"e-con-inner\">\n\t\t\t\t<div class=\"elementor-element elementor-element-187fddd8 elementor-widget elementor-widget-spacer\" data-id=\"187fddd8\" data-element_type=\"widget\" data-widget_type=\"spacer.default\">\n\t\t\t\t<div class=\"elementor-widget-container\">\n\t\t\t<style>\/*! elementor - v3.21.0 - 18-04-2024 *\/\n.elementor-column .elementor-spacer-inner{height:var(--spacer-size)}.e-con{--container-widget-width:100%}.e-con-inner>.elementor-widget-spacer,.e-con>.elementor-widget-spacer{width:var(--container-widget-width,var(--spacer-size));--align-self:var(--container-widget-align-self,initial);--flex-shrink:0}.e-con-inner>.elementor-widget-spacer>.elementor-widget-container,.e-con>.elementor-widget-spacer>.elementor-widget-container{height:100%;width:100%}.e-con-inner>.elementor-widget-spacer>.elementor-widget-container>.elementor-spacer,.e-con>.elementor-widget-spacer>.elementor-widget-container>.elementor-spacer{height:100%}.e-con-inner>.elementor-widget-spacer>.elementor-widget-container>.elementor-spacer>.elementor-spacer-inner,.e-con>.elementor-widget-spacer>.elementor-widget-container>.elementor-spacer>.elementor-spacer-inner{height:var(--container-widget-height,var(--spacer-size))}.e-con-inner>.elementor-widget-spacer.elementor-widget-empty,.e-con>.elementor-widget-spacer.elementor-widget-empty{position:relative;min-height:22px;min-width:22px}.e-con-inner>.elementor-widget-spacer.elementor-widget-empty .elementor-widget-empty-icon,.e-con>.elementor-widget-spacer.elementor-widget-empty .elementor-widget-empty-icon{position:absolute;top:0;bottom:0;left:0;right:0;margin:auto;padding:0;width:22px;height:22px}<\/style>\t\t<div class=\"elementor-spacer\">\n\t\t\t<div class=\"elementor-spacer-inner\"><\/div>\n\t\t<\/div>\n\t\t\t\t<\/div>\n\t\t\t\t<\/div>\n\t\t\t\t\t<\/div>\n\t\t\t\t<\/div>\n\t\t\t\t<\/div>","protected":false},"excerpt":{"rendered":"<p>Podm\u00ednky ochrany osobn\u00edch \u00fadaj\u016f I. Z\u00e1kladn\u00ed ustanoven\u00ed 1. Spr\u00e1vcem osobn\u00edch \u00fadaj\u016f podle \u010dl. 4 bod 7 na\u0159\u00edzen\u00ed Evropsk\u00e9ho parlamentu a Rady (EU) 2016\/679 o ochran\u011b fyzick\u00fdch osob v souvislosti se zpracov\u00e1n\u00edm osobn\u00edch \u00fadaj\u016f a o voln\u00e9m pohybu t\u011bchto \u00fadaj\u016f (d\u00e1le jen: \u201eGDPR\u201d) je Green Goal, s.r.o. I\u010c 05244803 se s\u00eddlem He\u0159manova 567\/61, Praha 7 (d\u00e1le [&hellip;]<\/p>","protected":false},"author":1,"featured_media":0,"parent":0,"menu_order":0,"comment_status":"closed","ping_status":"closed","template":"","meta":{"footnotes":""},"class_list":["post-1208","page","type-page","status-publish","hentry"],"_links":{"self":[{"href":"https:\/\/valasskysalet.com\/en\/wp-json\/wp\/v2\/pages\/1208","targetHints":{"allow":["GET"]}}],"collection":[{"href":"https:\/\/valasskysalet.com\/en\/wp-json\/wp\/v2\/pages"}],"about":[{"href":"https:\/\/valasskysalet.com\/en\/wp-json\/wp\/v2\/types\/page"}],"author":[{"embeddable":true,"href":"https:\/\/valasskysalet.com\/en\/wp-json\/wp\/v2\/users\/1"}],"replies":[{"embeddable":true,"href":"https:\/\/valasskysalet.com\/en\/wp-json\/wp\/v2\/comments?post=1208"}],"version-history":[{"count":4,"href":"https:\/\/valasskysalet.com\/en\/wp-json\/wp\/v2\/pages\/1208\/revisions"}],"predecessor-version":[{"id":1213,"href":"https:\/\/valasskysalet.com\/en\/wp-json\/wp\/v2\/pages\/1208\/revisions\/1213"}],"wp:attachment":[{"href":"https:\/\/valasskysalet.com\/en\/wp-json\/wp\/v2\/media?parent=1208"}],"curies":[{"name":"wp","href":"https:\/\/api.w.org\/{rel}","templated":true}]}}