{"id":2074,"date":"2026-04-05T18:45:30","date_gmt":"2026-04-05T16:45:30","guid":{"rendered":"https:\/\/valasskysalet.com\/?page_id=2074"},"modified":"2026-04-05T23:39:23","modified_gmt":"2026-04-05T21:39:23","slug":"grilovaci-vecery","status":"publish","type":"page","link":"https:\/\/valasskysalet.com\/en\/grilovaci-vecery\/","title":{"rendered":"Grilovac\u00ed ve\u010dery"},"content":{"rendered":"<div data-elementor-type=\"wp-page\" data-elementor-id=\"2074\" class=\"elementor elementor-2074\">\n\t\t\t\t<div class=\"elementor-element elementor-element-bb366c8 e-flex e-con-boxed e-con e-parent\" data-id=\"bb366c8\" data-element_type=\"container\">\n\t\t\t\t\t<div class=\"e-con-inner\">\n\t\t\t\t<div class=\"elementor-element elementor-element-2491667 elementor-widget elementor-widget-image-gallery\" data-id=\"2491667\" data-element_type=\"widget\" data-widget_type=\"image-gallery.default\">\n\t\t\t\t<div class=\"elementor-widget-container\">\n\t\t\t<style>\/*! elementor - v3.21.0 - 18-04-2024 *\/\n.elementor-image-gallery .gallery-item{display:inline-block;text-align:center;vertical-align:top;width:100%;max-width:100%;margin:0 auto}.elementor-image-gallery .gallery-item img{margin:0 auto}.elementor-image-gallery .gallery-item .gallery-caption{margin:0}.elementor-image-gallery figure img{display:block}.elementor-image-gallery figure figcaption{width:100%}.gallery-spacing-custom .elementor-image-gallery .gallery-icon{padding:0}@media (min-width:768px){.elementor-image-gallery .gallery-columns-2 .gallery-item{max-width:50%}.elementor-image-gallery .gallery-columns-3 .gallery-item{max-width:33.33%}.elementor-image-gallery .gallery-columns-4 .gallery-item{max-width:25%}.elementor-image-gallery .gallery-columns-5 .gallery-item{max-width:20%}.elementor-image-gallery .gallery-columns-6 .gallery-item{max-width:16.666%}.elementor-image-gallery .gallery-columns-7 .gallery-item{max-width:14.28%}.elementor-image-gallery .gallery-columns-8 .gallery-item{max-width:12.5%}.elementor-image-gallery .gallery-columns-9 .gallery-item{max-width:11.11%}.elementor-image-gallery .gallery-columns-10 .gallery-item{max-width:10%}}@media (min-width:480px) and (max-width:767px){.elementor-image-gallery .gallery.gallery-columns-2 .gallery-item,.elementor-image-gallery .gallery.gallery-columns-3 .gallery-item,.elementor-image-gallery .gallery.gallery-columns-4 .gallery-item,.elementor-image-gallery .gallery.gallery-columns-5 .gallery-item,.elementor-image-gallery .gallery.gallery-columns-6 .gallery-item,.elementor-image-gallery .gallery.gallery-columns-7 .gallery-item,.elementor-image-gallery .gallery.gallery-columns-8 .gallery-item,.elementor-image-gallery .gallery.gallery-columns-9 .gallery-item,.elementor-image-gallery .gallery.gallery-columns-10 .gallery-item{max-width:50%}}@media (max-width:479px){.elementor-image-gallery .gallery.gallery-columns-2 .gallery-item,.elementor-image-gallery .gallery.gallery-columns-3 .gallery-item,.elementor-image-gallery .gallery.gallery-columns-4 .gallery-item,.elementor-image-gallery .gallery.gallery-columns-5 .gallery-item,.elementor-image-gallery .gallery.gallery-columns-6 .gallery-item,.elementor-image-gallery .gallery.gallery-columns-7 .gallery-item,.elementor-image-gallery .gallery.gallery-columns-8 .gallery-item,.elementor-image-gallery .gallery.gallery-columns-9 .gallery-item,.elementor-image-gallery .gallery.gallery-columns-10 .gallery-item{max-width:100%}}<\/style>\t\t<div class=\"elementor-image-gallery\">\n\t\t\t<div id='gallery-1' class='gallery galleryid-2074 gallery-columns-6 gallery-size-thumbnail'><figure class='gallery-item'>\n\t\t\t<div class='gallery-icon portrait'>\n\t\t\t\t<a data-elementor-open-lightbox=\"yes\" data-elementor-lightbox-slideshow=\"2491667\" data-elementor-lightbox-title=\"fries\" data-e-action-hash=\"#elementor-action%3Aaction%3Dlightbox%26settings%3DeyJpZCI6MjEwMiwidXJsIjoiaHR0cHM6XC9cL3ZhbGFzc2t5c2FsZXQuY29tXC93cC1jb250ZW50XC91cGxvYWRzXC8yMDI2XC8wNFwvZnJpZXMuanBnIiwic2xpZGVzaG93IjoiMjQ5MTY2NyJ9\" href='https:\/\/valasskysalet.com\/wp-content\/uploads\/2026\/04\/fries.jpg'><img decoding=\"async\" width=\"150\" height=\"150\" src=\"https:\/\/valasskysalet.com\/wp-content\/uploads\/2026\/04\/fries-150x150.jpg\" class=\"attachment-thumbnail size-thumbnail\" alt=\"\" srcset=\"https:\/\/valasskysalet.com\/wp-content\/uploads\/2026\/04\/fries-150x150.jpg 150w, https:\/\/valasskysalet.com\/wp-content\/uploads\/2026\/04\/fries-300x300.jpg 300w, https:\/\/valasskysalet.com\/wp-content\/uploads\/2026\/04\/fries-1024x1024.jpg 1024w, https:\/\/valasskysalet.com\/wp-content\/uploads\/2026\/04\/fries-768x768.jpg 768w\" sizes=\"(max-width: 150px) 100vw, 150px\" loading=\"eager\" \/><\/a>\n\t\t\t<\/div><\/figure><figure class='gallery-item'>\n\t\t\t<div class='gallery-icon portrait'>\n\t\t\t\t<a data-elementor-open-lightbox=\"yes\" data-elementor-lightbox-slideshow=\"2491667\" data-elementor-lightbox-title=\"halloumi_burger\" data-e-action-hash=\"#elementor-action%3Aaction%3Dlightbox%26settings%3DeyJpZCI6MjEwMywidXJsIjoiaHR0cHM6XC9cL3ZhbGFzc2t5c2FsZXQuY29tXC93cC1jb250ZW50XC91cGxvYWRzXC8yMDI2XC8wNFwvaGFsbG91bWlfYnVyZ2VyLmpwZyIsInNsaWRlc2hvdyI6IjI0OTE2NjcifQ%3D%3D\" href='https:\/\/valasskysalet.com\/wp-content\/uploads\/2026\/04\/halloumi_burger.jpg'><img decoding=\"async\" width=\"150\" height=\"150\" src=\"https:\/\/valasskysalet.com\/wp-content\/uploads\/2026\/04\/halloumi_burger-150x150.jpg\" class=\"attachment-thumbnail size-thumbnail\" alt=\"\" srcset=\"https:\/\/valasskysalet.com\/wp-content\/uploads\/2026\/04\/halloumi_burger-150x150.jpg 150w, https:\/\/valasskysalet.com\/wp-content\/uploads\/2026\/04\/halloumi_burger-300x300.jpg 300w, https:\/\/valasskysalet.com\/wp-content\/uploads\/2026\/04\/halloumi_burger-1024x1024.jpg 1024w, https:\/\/valasskysalet.com\/wp-content\/uploads\/2026\/04\/halloumi_burger-768x768.jpg 768w\" sizes=\"(max-width: 150px) 100vw, 150px\" loading=\"eager\" \/><\/a>\n\t\t\t<\/div><\/figure><figure class='gallery-item'>\n\t\t\t<div class='gallery-icon portrait'>\n\t\t\t\t<a data-elementor-open-lightbox=\"yes\" data-elementor-lightbox-slideshow=\"2491667\" data-elementor-lightbox-title=\"chicken_steak\" data-e-action-hash=\"#elementor-action%3Aaction%3Dlightbox%26settings%3DeyJpZCI6MjEwNCwidXJsIjoiaHR0cHM6XC9cL3ZhbGFzc2t5c2FsZXQuY29tXC93cC1jb250ZW50XC91cGxvYWRzXC8yMDI2XC8wNFwvY2hpY2tlbl9zdGVhay5qcGciLCJzbGlkZXNob3ciOiIyNDkxNjY3In0%3D\" href='https:\/\/valasskysalet.com\/wp-content\/uploads\/2026\/04\/chicken_steak.jpg'><img decoding=\"async\" width=\"150\" height=\"150\" src=\"https:\/\/valasskysalet.com\/wp-content\/uploads\/2026\/04\/chicken_steak-150x150.jpg\" class=\"attachment-thumbnail size-thumbnail\" alt=\"\" srcset=\"https:\/\/valasskysalet.com\/wp-content\/uploads\/2026\/04\/chicken_steak-150x150.jpg 150w, https:\/\/valasskysalet.com\/wp-content\/uploads\/2026\/04\/chicken_steak-300x300.jpg 300w, https:\/\/valasskysalet.com\/wp-content\/uploads\/2026\/04\/chicken_steak-1024x1024.jpg 1024w, https:\/\/valasskysalet.com\/wp-content\/uploads\/2026\/04\/chicken_steak-768x768.jpg 768w\" sizes=\"(max-width: 150px) 100vw, 150px\" loading=\"eager\" \/><\/a>\n\t\t\t<\/div><\/figure><figure class='gallery-item'>\n\t\t\t<div class='gallery-icon portrait'>\n\t\t\t\t<a data-elementor-open-lightbox=\"yes\" data-elementor-lightbox-slideshow=\"2491667\" data-elementor-lightbox-title=\"pulled_beed_burger\" data-e-action-hash=\"#elementor-action%3Aaction%3Dlightbox%26settings%3DeyJpZCI6MjEwNSwidXJsIjoiaHR0cHM6XC9cL3ZhbGFzc2t5c2FsZXQuY29tXC93cC1jb250ZW50XC91cGxvYWRzXC8yMDI2XC8wNFwvcHVsbGVkX2JlZWRfYnVyZ2VyLmpwZyIsInNsaWRlc2hvdyI6IjI0OTE2NjcifQ%3D%3D\" href='https:\/\/valasskysalet.com\/wp-content\/uploads\/2026\/04\/pulled_beed_burger.jpg'><img decoding=\"async\" width=\"150\" height=\"150\" src=\"https:\/\/valasskysalet.com\/wp-content\/uploads\/2026\/04\/pulled_beed_burger-150x150.jpg\" class=\"attachment-thumbnail size-thumbnail\" alt=\"\" srcset=\"https:\/\/valasskysalet.com\/wp-content\/uploads\/2026\/04\/pulled_beed_burger-150x150.jpg 150w, https:\/\/valasskysalet.com\/wp-content\/uploads\/2026\/04\/pulled_beed_burger-300x300.jpg 300w, https:\/\/valasskysalet.com\/wp-content\/uploads\/2026\/04\/pulled_beed_burger-1024x1024.jpg 1024w, https:\/\/valasskysalet.com\/wp-content\/uploads\/2026\/04\/pulled_beed_burger-768x768.jpg 768w\" sizes=\"(max-width: 150px) 100vw, 150px\" loading=\"eager\" \/><\/a>\n\t\t\t<\/div><\/figure><figure class='gallery-item'>\n\t\t\t<div class='gallery-icon portrait'>\n\t\t\t\t<a data-elementor-open-lightbox=\"yes\" data-elementor-lightbox-slideshow=\"2491667\" data-elementor-lightbox-title=\"grilled_veg\" data-e-action-hash=\"#elementor-action%3Aaction%3Dlightbox%26settings%3DeyJpZCI6MjEwNiwidXJsIjoiaHR0cHM6XC9cL3ZhbGFzc2t5c2FsZXQuY29tXC93cC1jb250ZW50XC91cGxvYWRzXC8yMDI2XC8wNFwvZ3JpbGxlZF92ZWcuanBnIiwic2xpZGVzaG93IjoiMjQ5MTY2NyJ9\" href='https:\/\/valasskysalet.com\/wp-content\/uploads\/2026\/04\/grilled_veg.jpg'><img decoding=\"async\" width=\"150\" height=\"150\" src=\"https:\/\/valasskysalet.com\/wp-content\/uploads\/2026\/04\/grilled_veg-150x150.jpg\" class=\"attachment-thumbnail size-thumbnail\" alt=\"\" srcset=\"https:\/\/valasskysalet.com\/wp-content\/uploads\/2026\/04\/grilled_veg-150x150.jpg 150w, https:\/\/valasskysalet.com\/wp-content\/uploads\/2026\/04\/grilled_veg-300x300.jpg 300w, https:\/\/valasskysalet.com\/wp-content\/uploads\/2026\/04\/grilled_veg-1024x1024.jpg 1024w, https:\/\/valasskysalet.com\/wp-content\/uploads\/2026\/04\/grilled_veg-768x768.jpg 768w\" sizes=\"(max-width: 150px) 100vw, 150px\" loading=\"eager\" \/><\/a>\n\t\t\t<\/div><\/figure><figure class='gallery-item'>\n\t\t\t<div class='gallery-icon portrait'>\n\t\t\t\t<a data-elementor-open-lightbox=\"yes\" data-elementor-lightbox-slideshow=\"2491667\" data-elementor-lightbox-title=\"burger\" data-e-action-hash=\"#elementor-action%3Aaction%3Dlightbox%26settings%3DeyJpZCI6MjEwNywidXJsIjoiaHR0cHM6XC9cL3ZhbGFzc2t5c2FsZXQuY29tXC93cC1jb250ZW50XC91cGxvYWRzXC8yMDI2XC8wNFwvYnVyZ2VyLmpwZyIsInNsaWRlc2hvdyI6IjI0OTE2NjcifQ%3D%3D\" href='https:\/\/valasskysalet.com\/wp-content\/uploads\/2026\/04\/burger.jpg'><img decoding=\"async\" width=\"150\" height=\"150\" src=\"https:\/\/valasskysalet.com\/wp-content\/uploads\/2026\/04\/burger-150x150.jpg\" class=\"attachment-thumbnail size-thumbnail\" alt=\"\" srcset=\"https:\/\/valasskysalet.com\/wp-content\/uploads\/2026\/04\/burger-150x150.jpg 150w, https:\/\/valasskysalet.com\/wp-content\/uploads\/2026\/04\/burger-300x300.jpg 300w, https:\/\/valasskysalet.com\/wp-content\/uploads\/2026\/04\/burger-1024x1024.jpg 1024w, https:\/\/valasskysalet.com\/wp-content\/uploads\/2026\/04\/burger-768x768.jpg 768w\" sizes=\"(max-width: 150px) 100vw, 150px\" loading=\"eager\" \/><\/a>\n\t\t\t<\/div><\/figure>\n\t\t<\/div>\n\t\t<\/div>\n\t\t\t\t<\/div>\n\t\t\t\t<\/div>\n\t\t\t\t\t<\/div>\n\t\t\t\t<\/div>\n\t\t<div class=\"elementor-element elementor-element-3a9780e e-flex e-con-boxed e-con e-parent\" data-id=\"3a9780e\" data-element_type=\"container\">\n\t\t\t\t\t<div class=\"e-con-inner\">\n\t\t\t\t<div class=\"elementor-element elementor-element-3de6a08 elementor-widget elementor-widget-text-editor\" data-id=\"3de6a08\" data-element_type=\"widget\" data-widget_type=\"text-editor.default\">\n\t\t\t\t<div class=\"elementor-widget-container\">\n\t\t\t<style>\/*! elementor - v3.21.0 - 18-04-2024 *\/\n.elementor-widget-text-editor.elementor-drop-cap-view-stacked .elementor-drop-cap{background-color:#69727d;color:#fff}.elementor-widget-text-editor.elementor-drop-cap-view-framed .elementor-drop-cap{color:#69727d;border:3px solid;background-color:transparent}.elementor-widget-text-editor:not(.elementor-drop-cap-view-default) .elementor-drop-cap{margin-top:8px}.elementor-widget-text-editor:not(.elementor-drop-cap-view-default) .elementor-drop-cap-letter{width:1em;height:1em}.elementor-widget-text-editor .elementor-drop-cap{float:left;text-align:center;line-height:1;font-size:50px}.elementor-widget-text-editor .elementor-drop-cap-letter{display:inline-block}<\/style>\t\t\t\t<h3 data-section-id=\"1usm30n\" data-start=\"0\" data-end=\"43\">Grilovac\u00ed ve\u010dery na m\u00edru pro na\u0161e hosty<\/h3><p data-start=\"45\" data-end=\"321\">Dop\u0159ejte si nezapomenuteln\u00fd ve\u010der pln\u00fd chut\u00ed, v\u016fn\u00ed a pohodov\u00e9 atmosf\u00e9ry. Ve spolupr\u00e1ci s na\u0161\u00edm profesion\u00e1ln\u00edm partnerem pro V\u00e1s zajist\u00edme kompletn\u00ed grilovac\u00ed servis p\u0159esn\u011b podle Va\u0161ich p\u0159edstav \u2013 a\u0165 u\u017e pl\u00e1nujete soukromou oslavu, firemn\u00ed akci nebo p\u0159\u00edjemn\u00e9 posezen\u00ed s p\u0159\u00e1teli.<\/p><hr data-start=\"323\" data-end=\"326\" \/><h3 data-section-id=\"70ojjt\" data-start=\"328\" data-end=\"352\">Co pro V\u00e1s zajist\u00edme<\/h3><ul data-start=\"353\" data-end=\"555\"><li data-section-id=\"1lnv423\" data-start=\"353\" data-end=\"396\">kompletn\u00ed organizaci grilovac\u00edho ve\u010dera<\/li><li data-section-id=\"yu7fm1\" data-start=\"397\" data-end=\"438\">profesion\u00e1ln\u00ed obsluhu a grill mastera<\/li><li data-section-id=\"13ujhva\" data-start=\"439\" data-end=\"470\">\u010derstv\u00e9 a kvalitn\u00ed suroviny<\/li><li data-section-id=\"e519kp\" data-start=\"471\" data-end=\"498\">p\u0159\u00edpravu p\u0159\u00edmo na m\u00edst\u011b<\/li><li data-section-id=\"18wsehy\" data-start=\"499\" data-end=\"555\">individu\u00e1ln\u00ed p\u0159izp\u016fsoben\u00ed menu dle Va\u0161ich preferenc\u00ed<\/li><\/ul><hr data-start=\"557\" data-end=\"560\" \/><h3 data-section-id=\"1aqckrj\" data-start=\"562\" data-end=\"588\">Na\u0161e nab\u00eddka specialit<\/h3><p data-start=\"589\" data-end=\"656\">V r\u00e1mci grilovac\u00edch ve\u010der\u016f si m\u016f\u017eete vychutnat \u0161irok\u00fd v\u00fdb\u011br pokrm\u016f:<\/p><ul data-start=\"658\" data-end=\"1069\"><li data-section-id=\"17xs394\" data-start=\"658\" data-end=\"691\">\u0161\u0165avnat\u00e9 <strong data-start=\"669\" data-end=\"689\">klasick\u00e9 burgery<\/strong><\/li><li data-section-id=\"1e089j8\" data-start=\"692\" data-end=\"732\"><strong data-start=\"694\" data-end=\"709\">trhan\u00e9 maso<\/strong> v r\u016fzn\u00fdch variant\u00e1ch<\/li><li data-section-id=\"zc1qz9\" data-start=\"733\" data-end=\"771\">marinovanou <strong data-start=\"747\" data-end=\"769\">vep\u0159ovou krkovi\u010dku<\/strong><\/li><li data-section-id=\"hnnlxa\" data-start=\"772\" data-end=\"824\"><strong data-start=\"774\" data-end=\"789\">ku\u0159ec\u00ed maso<\/strong> (marinovan\u00e9 i pikantn\u00ed varianty)<\/li><li data-section-id=\"115ma6d\" data-start=\"825\" data-end=\"853\">\u010derstv\u00e9 <strong data-start=\"835\" data-end=\"851\">ryby z grilu<\/strong><\/li><li data-section-id=\"1pmaduz\" data-start=\"854\" data-end=\"900\"><strong data-start=\"856\" data-end=\"898\">klob\u00e1sy tradi\u010dn\u00ed i vala\u0161sk\u00e9 speciality<\/strong><\/li><li data-section-id=\"trfb4y\" data-start=\"901\" data-end=\"941\"><strong data-start=\"903\" data-end=\"921\">grilovac\u00ed s\u00fdry<\/strong> (v\u010detn\u011b halloumi)<\/li><li data-section-id=\"zf59kf\" data-start=\"942\" data-end=\"978\">\u010derstvou <strong data-start=\"953\" data-end=\"976\">grilovanou zeleninu<\/strong><\/li><li data-section-id=\"rxdxhg\" data-start=\"979\" data-end=\"1012\">chutn\u00e9 <strong data-start=\"988\" data-end=\"1010\">vegansk\u00e9 pochutiny<\/strong><\/li><li data-section-id=\"bzm1io\" data-start=\"1013\" data-end=\"1069\">a dal\u0161\u00ed dobroty dle aktu\u00e1ln\u00ed nab\u00eddky \u010di Va\u0161eho p\u0159\u00e1n\u00ed<\/li><\/ul><hr data-start=\"1071\" data-end=\"1074\" \/><h3 data-section-id=\"1viobhx\" data-start=\"1076\" data-end=\"1097\">Na m\u00edru Va\u0161\u00ed akci<\/h3><p data-start=\"1098\" data-end=\"1287\">Ka\u017ed\u00fd grilovac\u00ed ve\u010der p\u0159izp\u016fsobujeme individu\u00e1ln\u011b \u2013 od v\u00fdb\u011bru menu a\u017e po styl serv\u00edrov\u00e1n\u00ed. R\u00e1di pro V\u00e1s p\u0159iprav\u00edme i tematick\u00fd ve\u010der, degusta\u010dn\u00ed menu nebo varianty pro vegetari\u00e1ny i vegany.<\/p><hr data-start=\"1289\" data-end=\"1292\" \/><h3 data-section-id=\"7lu25p\" data-start=\"1294\" data-end=\"1307\">Booking<\/h3><p data-start=\"1308\" data-end=\"1426\">M\u00e1te z\u00e1jem o grilovac\u00ed ve\u010der? Kontaktujte n\u00e1s a spole\u010dn\u011b p\u0159iprav\u00edme akci, na kterou budou Va\u0161i host\u00e9 dlouho vzpom\u00ednat.<\/p>\t\t\t\t\t\t<\/div>\n\t\t\t\t<\/div>\n\t\t\t\t\t<\/div>\n\t\t\t\t<\/div>\n\t\t\t\t<\/div>","protected":false},"excerpt":{"rendered":"<p>Grilovac\u00ed ve\u010dery na m\u00edru pro na\u0161e hosty Dop\u0159ejte si nezapomenuteln\u00fd ve\u010der pln\u00fd chut\u00ed, v\u016fn\u00ed a pohodov\u00e9 atmosf\u00e9ry. Ve spolupr\u00e1ci s na\u0161\u00edm profesion\u00e1ln\u00edm partnerem pro V\u00e1s zajist\u00edme kompletn\u00ed grilovac\u00ed servis p\u0159esn\u011b podle Va\u0161ich p\u0159edstav \u2013 a\u0165 u\u017e pl\u00e1nujete soukromou oslavu, firemn\u00ed akci nebo p\u0159\u00edjemn\u00e9 posezen\u00ed s p\u0159\u00e1teli. Co pro V\u00e1s zajist\u00edme kompletn\u00ed organizaci grilovac\u00edho ve\u010dera profesion\u00e1ln\u00ed [&hellip;]<\/p>","protected":false},"author":2,"featured_media":0,"parent":0,"menu_order":0,"comment_status":"closed","ping_status":"closed","template":"","meta":{"footnotes":""},"class_list":["post-2074","page","type-page","status-publish","hentry"],"_links":{"self":[{"href":"https:\/\/valasskysalet.com\/en\/wp-json\/wp\/v2\/pages\/2074","targetHints":{"allow":["GET"]}}],"collection":[{"href":"https:\/\/valasskysalet.com\/en\/wp-json\/wp\/v2\/pages"}],"about":[{"href":"https:\/\/valasskysalet.com\/en\/wp-json\/wp\/v2\/types\/page"}],"author":[{"embeddable":true,"href":"https:\/\/valasskysalet.com\/en\/wp-json\/wp\/v2\/users\/2"}],"replies":[{"embeddable":true,"href":"https:\/\/valasskysalet.com\/en\/wp-json\/wp\/v2\/comments?post=2074"}],"version-history":[{"count":19,"href":"https:\/\/valasskysalet.com\/en\/wp-json\/wp\/v2\/pages\/2074\/revisions"}],"predecessor-version":[{"id":2110,"href":"https:\/\/valasskysalet.com\/en\/wp-json\/wp\/v2\/pages\/2074\/revisions\/2110"}],"wp:attachment":[{"href":"https:\/\/valasskysalet.com\/en\/wp-json\/wp\/v2\/media?parent=2074"}],"curies":[{"name":"wp","href":"https:\/\/api.w.org\/{rel}","templated":true}]}}