{"id":71,"date":"2020-10-14T09:27:59","date_gmt":"2020-10-14T07:27:59","guid":{"rendered":"https:\/\/valasskysalet.com\/about\/"},"modified":"2024-04-05T14:53:39","modified_gmt":"2024-04-05T12:53:39","slug":"o-nas","status":"publish","type":"page","link":"https:\/\/valasskysalet.com\/en\/o-nas\/","title":{"rendered":"About us"},"content":{"rendered":"<div data-elementor-type=\"wp-page\" data-elementor-id=\"71\" class=\"elementor elementor-71\">\n\t\t\t\t\t\t<section class=\"elementor-section elementor-top-section elementor-element elementor-element-d0f3366 elementor-section-boxed elementor-section-height-default elementor-section-height-default\" data-id=\"d0f3366\" data-element_type=\"section\">\n\t\t\t\t\t\t<div class=\"elementor-container elementor-column-gap-no\">\n\t\t\t\t\t<div class=\"aux-parallax-section elementor-column elementor-col-50 elementor-top-column elementor-element elementor-element-0705c80\" data-id=\"0705c80\" data-element_type=\"column\">\n\t\t\t<div class=\"elementor-widget-wrap elementor-element-populated\">\n\t\t\t\t\t\t<div class=\"elementor-element elementor-element-610f12d elementor-widget elementor-widget-aux_modern_heading\" data-id=\"610f12d\" data-element_type=\"widget\" data-widget_type=\"aux_modern_heading.default\">\n\t\t\t\t<div class=\"elementor-widget-container\">\n\t\t\t<section class=\"aux-widget-modern-heading\">\n            <div class=\"aux-widget-inner\"><h5 class=\"aux-modern-heading-primary\"><\/h5><h3 class=\"aux-modern-heading-secondary\"><span class=\"aux-head-before\">TRIPS IN THE SURROUNDINGS<\/span><\/h3><div class=\"aux-modern-heading-description\">Valachia and the Beskydy Mountains are ideal for cycling and skiing holidays. You can visit the Bike Park Ky\u010derka or the ski resorts Ky\u010derka, Sol\u00e1\u0148, Port\u00e1\u0161 or Pustevny. Enjoy a bit of adrenaline on the bobsleigh track in Mosty u Jabl\u016fnkova. <\/div><\/div>\n        <\/section>\t\t<\/div>\n\t\t\t\t<\/div>\n\t\t\t\t<div class=\"elementor-element elementor-element-e68d74f elementor-widget elementor-widget-aux_modern_heading\" data-id=\"e68d74f\" data-element_type=\"widget\" data-widget_type=\"aux_modern_heading.default\">\n\t\t\t\t<div class=\"elementor-widget-container\">\n\t\t\t<section class=\"aux-widget-modern-heading\">\n            <div class=\"aux-widget-inner\"><h5 class=\"aux-modern-heading-primary\"><\/h5><h3 class=\"aux-modern-heading-secondary\"><span class=\"aux-head-before\">Valachian Chalets in Velk\u00e9 Karlovice and their surroundings<\/span><\/h3><div class=\"aux-modern-heading-description\">Take a beautiful trip to the Karolinka water reservoir. Explore the Valachian open-air museum in Ro\u017enov pod Radho\u0161t\u011bm. Visit the Aquapark in Fren\u0161t\u00e1t pod Radho\u0161t\u011bm or the thermal spa in the Wellness Hotel Horal.<\/div><\/div>\n        <\/section>\t\t<\/div>\n\t\t\t\t<\/div>\n\t\t\t\t\t<\/div>\n\t\t<\/div>\n\t\t\t\t<div class=\"aux-parallax-section elementor-column elementor-col-50 elementor-top-column elementor-element elementor-element-8bbf5bb\" data-id=\"8bbf5bb\" data-element_type=\"column\">\n\t\t\t<div class=\"elementor-widget-wrap elementor-element-populated\">\n\t\t\t\t\t\t<div class=\"elementor-element elementor-element-9f4424b elementor-widget elementor-widget-aux_image\" data-id=\"9f4424b\" data-element_type=\"widget\" data-widget_type=\"aux_image.default\">\n\t\t\t\t<div class=\"elementor-widget-container\">\n\t\t\t<section class=\"widget-container aux-widget-image aux-alignnone aux-parent-aub6d53e07\">\n    <div class=\"aux-media-hint-frame\">\n        <div class=\"aux-media-image\" >\n        \n            \n\n            \n            <img fetchpriority=\"high\" decoding=\"async\" width=\"800\" height=\"680\" src=\"https:\/\/valasskysalet.com\/wp-content\/uploads\/2024\/03\/vch-0-800x680.jpg\" class=\"aux-attachment aux-featured-image aux-attachment-id-683\" alt=\"vch-0\" srcset=\"https:\/\/valasskysalet.com\/wp-content\/uploads\/2024\/03\/vch-0-150x128.jpg 150w,https:\/\/valasskysalet.com\/wp-content\/uploads\/2024\/03\/vch-0-300x255.jpg 300w,https:\/\/valasskysalet.com\/wp-content\/uploads\/2024\/03\/vch-0-768x653.jpg 768w,https:\/\/valasskysalet.com\/wp-content\/uploads\/2024\/03\/vch-0-1024x870.jpg 1024w,https:\/\/valasskysalet.com\/wp-content\/uploads\/2024\/03\/vch-0-800x680.jpg 800w\" data-ratio=\"1.18\" data-original-w=\"1200\" sizes=\"(max-width:479px) 480px,(max-width:767px) 768px,(max-width:1023px) 1024px,800px\" \/>            \n                <\/div>\n    <\/div>\n\n<\/section><!-- widget-container -->\t\t<\/div>\n\t\t\t\t<\/div>\n\t\t\t\t\t<\/div>\n\t\t<\/div>\n\t\t\t\t\t<\/div>\n\t\t<\/section>\n\t\t\t\t<section class=\"elementor-section elementor-top-section elementor-element elementor-element-0583439 elementor-section-boxed elementor-section-height-default elementor-section-height-default\" data-id=\"0583439\" data-element_type=\"section\">\n\t\t\t\t\t\t<div class=\"elementor-container elementor-column-gap-no\">\n\t\t\t\t\t<div class=\"aux-parallax-section elementor-column elementor-col-100 elementor-top-column elementor-element elementor-element-ca70d33\" data-id=\"ca70d33\" data-element_type=\"column\" data-settings=\"{&quot;background_background&quot;:&quot;classic&quot;}\">\n\t\t\t<div class=\"elementor-widget-wrap elementor-element-populated\">\n\t\t\t\t\t<div class=\"elementor-background-overlay\"><\/div>\n\t\t\t\t\t\t<div class=\"elementor-element elementor-element-d9a4165 elementor-widget elementor-widget-heading\" data-id=\"d9a4165\" data-element_type=\"widget\" data-widget_type=\"heading.default\">\n\t\t\t\t<div class=\"elementor-widget-container\">\n\t\t\t<style>\/*! elementor - v3.21.0 - 18-04-2024 *\/\n.elementor-heading-title{padding:0;margin:0;line-height:1}.elementor-widget-heading .elementor-heading-title[class*=elementor-size-]>a{color:inherit;font-size:inherit;line-height:inherit}.elementor-widget-heading .elementor-heading-title.elementor-size-small{font-size:15px}.elementor-widget-heading .elementor-heading-title.elementor-size-medium{font-size:19px}.elementor-widget-heading .elementor-heading-title.elementor-size-large{font-size:29px}.elementor-widget-heading .elementor-heading-title.elementor-size-xl{font-size:39px}.elementor-widget-heading .elementor-heading-title.elementor-size-xxl{font-size:59px}<\/style><h2 class=\"elementor-heading-title elementor-size-default\">Places to visit around Velk\u00e9 Karlovice<\/h2>\t\t<\/div>\n\t\t\t\t<\/div>\n\t\t\t\t<section class=\"elementor-section elementor-inner-section elementor-element elementor-element-6914bc5 elementor-section-boxed elementor-section-height-default elementor-section-height-default\" data-id=\"6914bc5\" data-element_type=\"section\">\n\t\t\t\t\t\t<div class=\"elementor-container elementor-column-gap-no\">\n\t\t\t\t\t<div class=\"aux-parallax-section elementor-column elementor-col-33 elementor-inner-column elementor-element elementor-element-b5829f3\" data-id=\"b5829f3\" data-element_type=\"column\">\n\t\t\t<div class=\"elementor-widget-wrap elementor-element-populated\">\n\t\t\t\t\t\t<div class=\"elementor-element elementor-element-09fa177 elementor-widget elementor-widget-heading\" data-id=\"09fa177\" data-element_type=\"widget\" data-widget_type=\"heading.default\">\n\t\t\t\t<div class=\"elementor-widget-container\">\n\t\t\t<h2 class=\"elementor-heading-title elementor-size-default\">Within 10 km<\/h2>\t\t<\/div>\n\t\t\t\t<\/div>\n\t\t\t\t<div class=\"elementor-element elementor-element-4c17195 elementor-widget elementor-widget-aux_icon_list\" data-id=\"4c17195\" data-element_type=\"widget\" data-widget_type=\"aux_icon_list.default\">\n\t\t\t\t<div class=\"elementor-widget-container\">\n\t\t\t<section class=\"widget-container aux-widget-icon-list aux-parent-au775c46b5\" style=\"\" ><div class=\"widget-inner\"><div class=\"aux-widget-icon-list-inner\"><ul class=\"aux-icon-list-items aux-direction-default\" ><li class=\"aux-icon-list-item aux-list-item-has-icon aux-icon-list-item-3dde5e3 elementor-repeater-item-3dde5e3\" ><a class=\"aux-icon-list-link\" href=\"http:\/\/www.wellnesshoral.cz\/\" target=\"_blank\" ><span class=\"aux-icon-list-icon auxicon auxicon-check-mark-circle-outline\" ><\/span><span class=\"aux-icon-list-text\" >Wellness Hotel Horal s term\u00e1ln\u00edmi l\u00e1zn\u011bmi<\/span><\/a><\/li><li class=\"aux-icon-list-item aux-list-item-has-icon aux-icon-list-item-156cdbf elementor-repeater-item-156cdbf\" ><a class=\"aux-icon-list-link\" href=\"http:\/\/www.kycerka-bikepark.cz\/cs\/\" target=\"_blank\" ><span class=\"aux-icon-list-icon auxicon auxicon-check-mark-circle-outline\" ><\/span><span class=\"aux-icon-list-text\" >Bike Park KY\u010cERKA<\/span><\/a><\/li><li class=\"aux-icon-list-item aux-list-item-has-icon aux-icon-list-item-13d1c56 elementor-repeater-item-13d1c56\" ><a class=\"aux-icon-list-link\" href=\"http:\/\/www.skiarealkycerka.cz\/\" target=\"_blank\" ><span class=\"aux-icon-list-icon auxicon auxicon-check-mark-circle-outline\" ><\/span><span class=\"aux-icon-list-text\" >Ski Resort KY\u010cERKA<\/span><\/a><\/li><li class=\"aux-icon-list-item aux-list-item-has-icon aux-icon-list-item-282d0fb elementor-repeater-item-282d0fb\" ><a class=\"aux-icon-list-link\" href=\"http:\/\/www.skiarealsolan.cz\/\" target=\"_blank\" ><span class=\"aux-icon-list-icon auxicon auxicon-check-mark-circle-outline\" ><\/span><span class=\"aux-icon-list-text\" >Ski Resort SOL\u00c1\u0147<\/span><\/a><\/li><li class=\"aux-icon-list-item aux-list-item-has-icon aux-icon-list-item-424bb6f elementor-repeater-item-424bb6f\" ><a class=\"aux-icon-list-link\" href=\"http:\/\/www.czecot.cz\/lyzovani\/287_portas-novy-hrozenkov\" target=\"_blank\" ><span class=\"aux-icon-list-icon auxicon auxicon-check-mark-circle-outline\" ><\/span><span class=\"aux-icon-list-text\" >Ski Resort PORT\u00c1\u0160<\/span><\/a><\/li><li class=\"aux-icon-list-item aux-list-item-has-icon aux-icon-list-item-365f21c elementor-repeater-item-365f21c\" ><a class=\"aux-icon-list-link\" href=\"http:\/\/www.astrocesty.eu\/lokality\/detail\/vodni-nadrz-karolinka.html\" target=\"_blank\" ><span class=\"aux-icon-list-icon auxicon auxicon-check-mark-circle-outline\" ><\/span><span class=\"aux-icon-list-text\" >Water reservoir KAROLINKA<\/span><\/a><\/li><\/ul><\/div><\/div><\/section><!-- widget-container -->\t\t<\/div>\n\t\t\t\t<\/div>\n\t\t\t\t\t<\/div>\n\t\t<\/div>\n\t\t\t\t<div class=\"aux-parallax-section elementor-column elementor-col-33 elementor-inner-column elementor-element elementor-element-cb3d7eb\" data-id=\"cb3d7eb\" data-element_type=\"column\">\n\t\t\t<div class=\"elementor-widget-wrap elementor-element-populated\">\n\t\t\t\t\t\t<div class=\"elementor-element elementor-element-c0ebb03 elementor-widget elementor-widget-heading\" data-id=\"c0ebb03\" data-element_type=\"widget\" data-widget_type=\"heading.default\">\n\t\t\t\t<div class=\"elementor-widget-container\">\n\t\t\t<h2 class=\"elementor-heading-title elementor-size-default\">Within 30 km<\/h2>\t\t<\/div>\n\t\t\t\t<\/div>\n\t\t\t\t<div class=\"elementor-element elementor-element-9b572b6 elementor-widget elementor-widget-aux_icon_list\" data-id=\"9b572b6\" data-element_type=\"widget\" data-widget_type=\"aux_icon_list.default\">\n\t\t\t\t<div class=\"elementor-widget-container\">\n\t\t\t<section class=\"widget-container aux-widget-icon-list aux-parent-au7e5942e3\" style=\"\" ><div class=\"widget-inner\"><div class=\"aux-widget-icon-list-inner\"><ul class=\"aux-icon-list-items aux-direction-default\" ><li class=\"aux-icon-list-item aux-list-item-has-icon aux-icon-list-item-3dde5e3 elementor-repeater-item-3dde5e3\" ><a class=\"aux-icon-list-link\" href=\"http:\/\/www.skimosty.cz\/index.php?option=com_content&#038;view=article&#038;id=8&#038;Itemid=13&#038;lang=cs\" target=\"_blank\" ><span class=\"aux-icon-list-icon auxicon auxicon-check-mark-circle-outline\" ><\/span><span class=\"aux-icon-list-text\" >Bobsleigh track in Mosty u Jabl\u016fnkova<\/span><\/a><\/li><li class=\"aux-icon-list-item aux-list-item-has-icon aux-icon-list-item-79fe01f elementor-repeater-item-79fe01f\" ><a class=\"aux-icon-list-link\" href=\"http:\/\/www.vmp.cz\/cs\/\" target=\"_blank\" ><span class=\"aux-icon-list-icon auxicon auxicon-check-mark-circle-outline\" ><\/span><span class=\"aux-icon-list-text\" >Valachian open-air museum in Ro\u017enov pod Radho\u0161t\u011bm<\/span><\/a><\/li><li class=\"aux-icon-list-item aux-list-item-has-icon aux-icon-list-item-0cfcdc5 elementor-repeater-item-0cfcdc5\" ><a class=\"aux-icon-list-link\" href=\"http:\/\/www.tarzanie.cz\/\" target=\"_blank\" ><span class=\"aux-icon-list-icon auxicon auxicon-check-mark-circle-outline\" ><\/span><span class=\"aux-icon-list-text\" >Mountain rope park TARZ\u00c1NIE<\/span><\/a><\/li><li class=\"aux-icon-list-item aux-list-item-has-icon aux-icon-list-item-962591e elementor-repeater-item-962591e\" ><a class=\"aux-icon-list-link\" href=\"http:\/\/www.prosper-golf.cz\/\" target=\"_blank\" ><span class=\"aux-icon-list-icon auxicon auxicon-check-mark-circle-outline\" ><\/span><span class=\"aux-icon-list-text\" >Golf Resort \u010cELADN\u00c1<\/span><\/a><\/li><li class=\"aux-icon-list-item aux-list-item-has-icon aux-icon-list-item-9606d4f elementor-repeater-item-9606d4f\" ><a class=\"aux-icon-list-link\" href=\"http:\/\/www.skialpin.cz\/\" target=\"_blank\" ><span class=\"aux-icon-list-icon auxicon auxicon-check-mark-circle-outline\" ><\/span><span class=\"aux-icon-list-text\" >Ski Resort PUSTEVNY<\/span><\/a><\/li><li class=\"aux-icon-list-item aux-list-item-has-icon aux-icon-list-item-f4676fa elementor-repeater-item-f4676fa\" ><a class=\"aux-icon-list-link\" href=\"http:\/\/www.aquafrenstat.cz\/\" target=\"_blank\" ><span class=\"aux-icon-list-icon auxicon auxicon-check-mark-circle-outline\" ><\/span><span class=\"aux-icon-list-text\" >Aquapark ve Fren\u0161t\u00e1t\u011b pod Radho\u0161t\u011bm<\/span><\/a><\/li><\/ul><\/div><\/div><\/section><!-- widget-container -->\t\t<\/div>\n\t\t\t\t<\/div>\n\t\t\t\t\t<\/div>\n\t\t<\/div>\n\t\t\t\t<div class=\"aux-parallax-section elementor-column elementor-col-33 elementor-inner-column elementor-element elementor-element-964134a\" data-id=\"964134a\" data-element_type=\"column\">\n\t\t\t<div class=\"elementor-widget-wrap elementor-element-populated\">\n\t\t\t\t\t\t<div class=\"elementor-element elementor-element-9d22a29 elementor-widget elementor-widget-heading\" data-id=\"9d22a29\" data-element_type=\"widget\" data-widget_type=\"heading.default\">\n\t\t\t\t<div class=\"elementor-widget-container\">\n\t\t\t<h2 class=\"elementor-heading-title elementor-size-default\">Within 60 km<\/h2>\t\t<\/div>\n\t\t\t\t<\/div>\n\t\t\t\t<div class=\"elementor-element elementor-element-5525bef elementor-widget elementor-widget-aux_icon_list\" data-id=\"5525bef\" data-element_type=\"widget\" data-widget_type=\"aux_icon_list.default\">\n\t\t\t\t<div class=\"elementor-widget-container\">\n\t\t\t<section class=\"widget-container aux-widget-icon-list aux-parent-aube5911cf\" style=\"\" ><div class=\"widget-inner\"><div class=\"aux-widget-icon-list-inner\"><ul class=\"aux-icon-list-items aux-direction-default\" ><li class=\"aux-icon-list-item aux-list-item-has-icon aux-icon-list-item-3dde5e3 elementor-repeater-item-3dde5e3\" ><a class=\"aux-icon-list-link\" href=\"http:\/\/www.zoozlin.eu\/\" target=\"_blank\" ><span class=\"aux-icon-list-icon auxicon auxicon-check-mark-circle-outline\" ><\/span><span class=\"aux-icon-list-text\" >Zoo LE\u0160N\u00c1 near Zl\u00edn<\/span><\/a><\/li><li class=\"aux-icon-list-item aux-list-item-has-icon aux-icon-list-item-5197498 elementor-repeater-item-5197498\" ><a class=\"aux-icon-list-link\" href=\"http:\/\/www.muzeum-zlin.cz\/cs\/historie\/obuvnicke-muzeum\/\" target=\"_blank\" ><span class=\"aux-icon-list-icon auxicon auxicon-check-mark-circle-outline\" ><\/span><span class=\"aux-icon-list-text\" >Shoe Museum in Zl\u00edn<\/span><\/a><\/li><li class=\"aux-icon-list-item aux-list-item-has-icon aux-icon-list-item-0cddb14 elementor-repeater-item-0cddb14\" ><a class=\"aux-icon-list-link\" href=\"http:\/\/www.hrad-hukvaldy.cz\/\" target=\"_blank\" ><span class=\"aux-icon-list-icon auxicon auxicon-check-mark-circle-outline\" ><\/span><span class=\"aux-icon-list-text\" >Hukvaldy Castle<\/span><\/a><\/li><li class=\"aux-icon-list-item aux-list-item-has-icon aux-icon-list-item-df48b25 elementor-repeater-item-df48b25\" ><a class=\"aux-icon-list-link\" href=\"http:\/\/www.zamek-vizovice.cz\/\" target=\"_blank\" ><span class=\"aux-icon-list-icon auxicon auxicon-check-mark-circle-outline\" ><\/span><span class=\"aux-icon-list-text\" >Chateau VIZOVICE<\/span><\/a><\/li><li class=\"aux-icon-list-item aux-list-item-has-icon aux-icon-list-item-6d25934 elementor-repeater-item-6d25934\" ><a class=\"aux-icon-list-link\" href=\"http:\/\/www.tatramuseum.cz\/\" target=\"_blank\" ><span class=\"aux-icon-list-icon auxicon auxicon-check-mark-circle-outline\" ><\/span><span class=\"aux-icon-list-text\" >Museum of TATRA cars in Kop\u0159ivnice<\/span><\/a><\/li><li class=\"aux-icon-list-item aux-list-item-has-icon aux-icon-list-item-885dcd7 elementor-repeater-item-885dcd7\" ><a class=\"aux-icon-list-link\" href=\"http:\/\/www.luhacovice-lazne.com\/\" target=\"_blank\" ><span class=\"aux-icon-list-icon auxicon auxicon-check-mark-circle-outline\" ><\/span><span class=\"aux-icon-list-text\" >Spa Luha\u010dovice<\/span><\/a><\/li><\/ul><\/div><\/div><\/section><!-- widget-container -->\t\t<\/div>\n\t\t\t\t<\/div>\n\t\t\t\t\t<\/div>\n\t\t<\/div>\n\t\t\t\t\t<\/div>\n\t\t<\/section>\n\t\t\t\t\t<\/div>\n\t\t<\/div>\n\t\t\t\t\t<\/div>\n\t\t<\/section>\n\t\t<div class=\"elementor-element elementor-element-e831efb e-flex e-con-boxed e-con e-parent\" data-id=\"e831efb\" data-element_type=\"container\">\n\t\t\t\t\t<div class=\"e-con-inner\">\n\t\t\t\t<div class=\"elementor-element elementor-element-023f8a4 elementor-widget elementor-widget-spacer\" data-id=\"023f8a4\" data-element_type=\"widget\" data-widget_type=\"spacer.default\">\n\t\t\t\t<div class=\"elementor-widget-container\">\n\t\t\t<style>\/*! elementor - v3.21.0 - 18-04-2024 *\/\n.elementor-column .elementor-spacer-inner{height:var(--spacer-size)}.e-con{--container-widget-width:100%}.e-con-inner>.elementor-widget-spacer,.e-con>.elementor-widget-spacer{width:var(--container-widget-width,var(--spacer-size));--align-self:var(--container-widget-align-self,initial);--flex-shrink:0}.e-con-inner>.elementor-widget-spacer>.elementor-widget-container,.e-con>.elementor-widget-spacer>.elementor-widget-container{height:100%;width:100%}.e-con-inner>.elementor-widget-spacer>.elementor-widget-container>.elementor-spacer,.e-con>.elementor-widget-spacer>.elementor-widget-container>.elementor-spacer{height:100%}.e-con-inner>.elementor-widget-spacer>.elementor-widget-container>.elementor-spacer>.elementor-spacer-inner,.e-con>.elementor-widget-spacer>.elementor-widget-container>.elementor-spacer>.elementor-spacer-inner{height:var(--container-widget-height,var(--spacer-size))}.e-con-inner>.elementor-widget-spacer.elementor-widget-empty,.e-con>.elementor-widget-spacer.elementor-widget-empty{position:relative;min-height:22px;min-width:22px}.e-con-inner>.elementor-widget-spacer.elementor-widget-empty .elementor-widget-empty-icon,.e-con>.elementor-widget-spacer.elementor-widget-empty .elementor-widget-empty-icon{position:absolute;top:0;bottom:0;left:0;right:0;margin:auto;padding:0;width:22px;height:22px}<\/style>\t\t<div class=\"elementor-spacer\">\n\t\t\t<div class=\"elementor-spacer-inner\"><\/div>\n\t\t<\/div>\n\t\t\t\t<\/div>\n\t\t\t\t<\/div>\n\t\t\t\t\t<\/div>\n\t\t\t\t<\/div>\n\t\t\t\t<\/div>","protected":false},"excerpt":{"rendered":"<p>V\u00fdlety do okol\u00ed Vala\u0161sko a Beskydy jsou ide\u00e1ln\u00edm m\u00edstem na cyklistickou i ly\u017ea\u0159skou dovolenou. Nav\u0161tivte nap\u0159\u00edklad Bike Park Ky\u010derka nebo skiare\u00e1ly Ky\u010derka, Sol\u00e1\u0148, Port\u00e1\u0161 \u010di Pustevny. Trochu adrenalinu si u\u017eijete na bobov\u00e9 dr\u00e1ze v Mostech u Jabl\u016fnkova. Vala\u0161sk\u00e9 chalupy ve Velk\u00fdch Karlovic\u00edch a jejich okol\u00ed Kr\u00e1sn\u00fd v\u00fdlet je tak\u00e9 k vodn\u00ed n\u00e1dr\u017ei Karolinka, za pozn\u00e1n\u00edm [&hellip;]<\/p>","protected":false},"author":1,"featured_media":0,"parent":0,"menu_order":0,"comment_status":"closed","ping_status":"closed","template":"templates\/page-builder-content.php","meta":{"footnotes":""},"class_list":["post-71","page","type-page","status-publish","hentry"],"_links":{"self":[{"href":"https:\/\/valasskysalet.com\/en\/wp-json\/wp\/v2\/pages\/71","targetHints":{"allow":["GET"]}}],"collection":[{"href":"https:\/\/valasskysalet.com\/en\/wp-json\/wp\/v2\/pages"}],"about":[{"href":"https:\/\/valasskysalet.com\/en\/wp-json\/wp\/v2\/types\/page"}],"author":[{"embeddable":true,"href":"https:\/\/valasskysalet.com\/en\/wp-json\/wp\/v2\/users\/1"}],"replies":[{"embeddable":true,"href":"https:\/\/valasskysalet.com\/en\/wp-json\/wp\/v2\/comments?post=71"}],"version-history":[{"count":64,"href":"https:\/\/valasskysalet.com\/en\/wp-json\/wp\/v2\/pages\/71\/revisions"}],"predecessor-version":[{"id":1038,"href":"https:\/\/valasskysalet.com\/en\/wp-json\/wp\/v2\/pages\/71\/revisions\/1038"}],"wp:attachment":[{"href":"https:\/\/valasskysalet.com\/en\/wp-json\/wp\/v2\/media?parent=71"}],"curies":[{"name":"wp","href":"https:\/\/api.w.org\/{rel}","templated":true}]}}