{"id":827,"date":"2024-04-01T13:46:07","date_gmt":"2024-04-01T11:46:07","guid":{"rendered":"https:\/\/valasskysalet.com\/?page_id=827"},"modified":"2024-04-18T14:00:32","modified_gmt":"2024-04-18T12:00:32","slug":"ubytovani","status":"publish","type":"page","link":"https:\/\/valasskysalet.com\/en\/ubytovani\/","title":{"rendered":"Accommodation"},"content":{"rendered":"<div data-elementor-type=\"wp-page\" data-elementor-id=\"827\" class=\"elementor elementor-827\">\n\t\t\t\t\t\t<section class=\"elementor-section elementor-top-section elementor-element elementor-element-7ef55034 elementor-section-boxed elementor-section-height-default elementor-section-height-default\" data-id=\"7ef55034\" data-element_type=\"section\">\n\t\t\t\t\t\t<div class=\"elementor-container elementor-column-gap-no\">\n\t\t\t\t\t<div class=\"aux-parallax-section elementor-column elementor-col-100 elementor-top-column elementor-element elementor-element-4f3eb80\" data-id=\"4f3eb80\" data-element_type=\"column\">\n\t\t\t<div class=\"elementor-widget-wrap elementor-element-populated\">\n\t\t\t\t\t\t<div class=\"elementor-element elementor-element-5b7d123b elementor-widget elementor-widget-aux_modern_heading\" data-id=\"5b7d123b\" data-element_type=\"widget\" data-widget_type=\"aux_modern_heading.default\">\n\t\t\t\t<div class=\"elementor-widget-container\">\n\t\t\t<section class=\"aux-widget-modern-heading\">\n            <div class=\"aux-widget-inner\"><h5 class=\"aux-modern-heading-primary\"><\/h5><h3 class=\"aux-modern-heading-secondary\"><span class=\"aux-head-before\">ACCOMMODATION and SERVICES<\/span><\/h3><div class=\"aux-modern-heading-description\"><p>Valachian Chalet is the perfect place for group holidays, meetings and celebrations, sport camps, reunions, anniversaries and other events. Its location, capacity and facilities make it a unique place to which guests love to return.<\/p><\/div><\/div>\n        <\/section>\t\t<\/div>\n\t\t\t\t<\/div>\n\t\t\t\t\t<\/div>\n\t\t<\/div>\n\t\t\t\t\t<\/div>\n\t\t<\/section>\n\t\t\t\t<section class=\"elementor-section elementor-top-section elementor-element elementor-element-173d5cf6 elementor-section-content-top elementor-section-boxed elementor-section-height-default elementor-section-height-default\" data-id=\"173d5cf6\" data-element_type=\"section\">\n\t\t\t\t\t\t<div class=\"elementor-container elementor-column-gap-no\">\n\t\t\t\t\t<div class=\"aux-parallax-section elementor-column elementor-col-100 elementor-top-column elementor-element elementor-element-42cb61f1\" data-id=\"42cb61f1\" data-element_type=\"column\" data-settings=\"{&quot;background_background&quot;:&quot;classic&quot;}\">\n\t\t\t<div class=\"elementor-widget-wrap elementor-element-populated\">\n\t\t\t\t\t\t<section class=\"elementor-section elementor-inner-section elementor-element elementor-element-22c800b3 elementor-section-boxed elementor-section-height-default elementor-section-height-default\" data-id=\"22c800b3\" data-element_type=\"section\">\n\t\t\t\t\t\t<div class=\"elementor-container elementor-column-gap-no\">\n\t\t\t\t\t<div class=\"aux-parallax-section elementor-column elementor-col-50 elementor-inner-column elementor-element elementor-element-4de48c5\" data-id=\"4de48c5\" data-element_type=\"column\">\n\t\t\t<div class=\"elementor-widget-wrap elementor-element-populated\">\n\t\t\t\t\t\t<div class=\"elementor-element elementor-element-73d74bc elementor-widget elementor-widget-image\" data-id=\"73d74bc\" data-element_type=\"widget\" data-widget_type=\"image.default\">\n\t\t\t\t<div class=\"elementor-widget-container\">\n\t\t\t<style>\/*! elementor - v3.21.0 - 18-04-2024 *\/\n.elementor-widget-image{text-align:center}.elementor-widget-image a{display:inline-block}.elementor-widget-image a img[src$=\".svg\"]{width:48px}.elementor-widget-image img{vertical-align:middle;display:inline-block}<\/style>\t\t\t\t\t\t\t\t\t\t<img fetchpriority=\"high\" decoding=\"async\" width=\"600\" height=\"300\" src=\"https:\/\/valasskysalet.com\/wp-content\/uploads\/2024\/04\/600x300-velka-chalupa.jpg\" class=\"attachment-large size-large wp-image-830\" alt=\"\" srcset=\"https:\/\/valasskysalet.com\/wp-content\/uploads\/2024\/04\/600x300-velka-chalupa.jpg 600w, https:\/\/valasskysalet.com\/wp-content\/uploads\/2024\/04\/600x300-velka-chalupa-18x9.jpg 18w, https:\/\/valasskysalet.com\/wp-content\/uploads\/2024\/04\/600x300-velka-chalupa-200x100.jpg 200w\" sizes=\"(max-width: 600px) 100vw, 600px\" loading=\"eager\" \/>\t\t\t\t\t\t\t\t\t\t\t\t\t<\/div>\n\t\t\t\t<\/div>\n\t\t\t\t<div class=\"elementor-element elementor-element-6a81031 elementor-widget elementor-widget-aux_modern_heading\" data-id=\"6a81031\" data-element_type=\"widget\" data-widget_type=\"aux_modern_heading.default\">\n\t\t\t\t<div class=\"elementor-widget-container\">\n\t\t\t<section class=\"aux-widget-modern-heading\">\n            <div class=\"aux-widget-inner\"><h2 class=\"aux-modern-heading-primary\">CHALET GRANDE<\/h2><div class=\"aux-modern-heading-description\">Chalet Grande is a perfect place for group holidays, celebrations, sport camps and other events. <\/div><\/div>\n        <\/section>\t\t<\/div>\n\t\t\t\t<\/div>\n\t\t\t\t<div class=\"elementor-element elementor-element-dc1f3d6 elementor-widget elementor-widget-aux_modern_button\" data-id=\"dc1f3d6\" data-element_type=\"widget\" data-widget_type=\"aux_modern_button.default\">\n\t\t\t\t<div class=\"elementor-widget-container\">\n\t\t\t    <div class=\"aux-modern-button-wrapper aux-modern-button-align-center\" >\n                    <a class=\"aux-modern-button aux-black aux-modern-button-lg aux-modern-button-normal aux-modern-button-default aux-icon-\" href=\"https:\/\/valasskysalet.com\/en\/ubytovani\/velka-chalupa\/\">\n                <div class=\"aux-overlay\"><\/div>\n                                    <div class=\"aux-icon\">\n                                            <\/div>\n                                <div class=\"aux-text\">\n<span class=\"aux-text-before\">More information<\/span>                <\/div>\n            <\/a>\n            \n    <\/div>\n\n    \t\t<\/div>\n\t\t\t\t<\/div>\n\t\t\t\t\t<\/div>\n\t\t<\/div>\n\t\t\t\t<div class=\"aux-parallax-section elementor-column elementor-col-50 elementor-inner-column elementor-element elementor-element-0a28b9b\" data-id=\"0a28b9b\" data-element_type=\"column\">\n\t\t\t<div class=\"elementor-widget-wrap elementor-element-populated\">\n\t\t\t\t\t\t<div class=\"elementor-element elementor-element-9796b6f elementor-widget elementor-widget-image\" data-id=\"9796b6f\" data-element_type=\"widget\" data-widget_type=\"image.default\">\n\t\t\t\t<div class=\"elementor-widget-container\">\n\t\t\t\t\t\t\t\t\t\t\t\t\t<img decoding=\"async\" width=\"600\" height=\"300\" src=\"https:\/\/valasskysalet.com\/wp-content\/uploads\/2024\/04\/600x300-mala.jpg\" class=\"attachment-large size-large wp-image-834\" alt=\"\" srcset=\"https:\/\/valasskysalet.com\/wp-content\/uploads\/2024\/04\/600x300-mala.jpg 600w, https:\/\/valasskysalet.com\/wp-content\/uploads\/2024\/04\/600x300-mala-18x9.jpg 18w, https:\/\/valasskysalet.com\/wp-content\/uploads\/2024\/04\/600x300-mala-200x100.jpg 200w\" sizes=\"(max-width: 600px) 100vw, 600px\" loading=\"eager\" \/>\t\t\t\t\t\t\t\t\t\t\t\t\t<\/div>\n\t\t\t\t<\/div>\n\t\t\t\t<div class=\"elementor-element elementor-element-6ebd130 elementor-widget elementor-widget-aux_modern_heading\" data-id=\"6ebd130\" data-element_type=\"widget\" data-widget_type=\"aux_modern_heading.default\">\n\t\t\t\t<div class=\"elementor-widget-container\">\n\t\t\t<section class=\"aux-widget-modern-heading\">\n            <div class=\"aux-widget-inner\"><h2 class=\"aux-modern-heading-primary\">CHALET PETIT<\/h2><div class=\"aux-modern-heading-description\">Chalet Petit is an ideal complement to the Chalet Grande in case your group is over 23 people. <\/div><\/div>\n        <\/section>\t\t<\/div>\n\t\t\t\t<\/div>\n\t\t\t\t<div class=\"elementor-element elementor-element-5c2d577 elementor-widget elementor-widget-aux_modern_button\" data-id=\"5c2d577\" data-element_type=\"widget\" data-widget_type=\"aux_modern_button.default\">\n\t\t\t\t<div class=\"elementor-widget-container\">\n\t\t\t    <div class=\"aux-modern-button-wrapper aux-modern-button-align-center\" >\n                    <a class=\"aux-modern-button aux-black aux-modern-button-lg aux-modern-button-normal aux-modern-button-default aux-icon-\" href=\"https:\/\/valasskysalet.com\/en\/ubytovani\/mala-chaloupka\/\">\n                <div class=\"aux-overlay\"><\/div>\n                                    <div class=\"aux-icon\">\n                                            <\/div>\n                                <div class=\"aux-text\">\n<span class=\"aux-text-before\">More information<\/span>                <\/div>\n            <\/a>\n            \n    <\/div>\n\n    \t\t<\/div>\n\t\t\t\t<\/div>\n\t\t\t\t\t<\/div>\n\t\t<\/div>\n\t\t\t\t\t<\/div>\n\t\t<\/section>\n\t\t\t\t<section class=\"elementor-section elementor-inner-section elementor-element elementor-element-17801c3 elementor-section-boxed elementor-section-height-default elementor-section-height-default\" data-id=\"17801c3\" data-element_type=\"section\">\n\t\t\t\t\t\t<div class=\"elementor-container elementor-column-gap-no\">\n\t\t\t\t\t<div class=\"aux-parallax-section elementor-column elementor-col-50 elementor-inner-column elementor-element elementor-element-7c3a954\" data-id=\"7c3a954\" data-element_type=\"column\">\n\t\t\t<div class=\"elementor-widget-wrap elementor-element-populated\">\n\t\t\t\t\t\t<div class=\"elementor-element elementor-element-510dd21 elementor-widget elementor-widget-image\" data-id=\"510dd21\" data-element_type=\"widget\" data-widget_type=\"image.default\">\n\t\t\t\t<div class=\"elementor-widget-container\">\n\t\t\t\t\t\t\t\t\t\t\t\t\t<img decoding=\"async\" width=\"600\" height=\"300\" src=\"https:\/\/valasskysalet.com\/wp-content\/uploads\/2024\/04\/600x300-stravovani.jpg\" class=\"attachment-large size-large wp-image-840\" alt=\"\" srcset=\"https:\/\/valasskysalet.com\/wp-content\/uploads\/2024\/04\/600x300-stravovani.jpg 600w, https:\/\/valasskysalet.com\/wp-content\/uploads\/2024\/04\/600x300-stravovani-18x9.jpg 18w, https:\/\/valasskysalet.com\/wp-content\/uploads\/2024\/04\/600x300-stravovani-200x100.jpg 200w\" sizes=\"(max-width: 600px) 100vw, 600px\" loading=\"eager\" \/>\t\t\t\t\t\t\t\t\t\t\t\t\t<\/div>\n\t\t\t\t<\/div>\n\t\t\t\t<div class=\"elementor-element elementor-element-b5d3460 elementor-widget elementor-widget-aux_modern_heading\" data-id=\"b5d3460\" data-element_type=\"widget\" data-widget_type=\"aux_modern_heading.default\">\n\t\t\t\t<div class=\"elementor-widget-container\">\n\t\t\t<section class=\"aux-widget-modern-heading\">\n            <div class=\"aux-widget-inner\"><h2 class=\"aux-modern-heading-primary\">CATERING<\/h2><div class=\"aux-modern-heading-description\">We specialize in traditional \"Czech-Slovak-Valachian\" cuisine. Catering can be arranged upon agreement. <\/div><\/div>\n        <\/section>\t\t<\/div>\n\t\t\t\t<\/div>\n\t\t\t\t<div class=\"elementor-element elementor-element-7e5eb2e elementor-widget elementor-widget-aux_modern_button\" data-id=\"7e5eb2e\" data-element_type=\"widget\" data-widget_type=\"aux_modern_button.default\">\n\t\t\t\t<div class=\"elementor-widget-container\">\n\t\t\t    <div class=\"aux-modern-button-wrapper aux-modern-button-align-center\" >\n                    <a class=\"aux-modern-button aux-black aux-modern-button-lg aux-modern-button-normal aux-modern-button-default aux-icon-\" href=\"https:\/\/valasskysalet.com\/en\/ubytovani\/catering\/\">\n                <div class=\"aux-overlay\"><\/div>\n                                    <div class=\"aux-icon\">\n                                            <\/div>\n                                <div class=\"aux-text\">\n<span class=\"aux-text-before\">More information<\/span>                <\/div>\n            <\/a>\n            \n    <\/div>\n\n    \t\t<\/div>\n\t\t\t\t<\/div>\n\t\t\t\t\t<\/div>\n\t\t<\/div>\n\t\t\t\t<div class=\"aux-parallax-section elementor-column elementor-col-50 elementor-inner-column elementor-element elementor-element-cdae71a\" data-id=\"cdae71a\" data-element_type=\"column\">\n\t\t\t<div class=\"elementor-widget-wrap elementor-element-populated\">\n\t\t\t\t\t\t<div class=\"elementor-element elementor-element-e347c23 elementor-widget elementor-widget-image\" data-id=\"e347c23\" data-element_type=\"widget\" data-widget_type=\"image.default\">\n\t\t\t\t<div class=\"elementor-widget-container\">\n\t\t\t\t\t\t\t\t\t\t\t\t\t<img decoding=\"async\" width=\"600\" height=\"300\" src=\"https:\/\/valasskysalet.com\/wp-content\/uploads\/2024\/04\/600x300-wellness.jpg\" class=\"attachment-large size-large wp-image-841\" alt=\"\" srcset=\"https:\/\/valasskysalet.com\/wp-content\/uploads\/2024\/04\/600x300-wellness.jpg 600w, https:\/\/valasskysalet.com\/wp-content\/uploads\/2024\/04\/600x300-wellness-18x9.jpg 18w, https:\/\/valasskysalet.com\/wp-content\/uploads\/2024\/04\/600x300-wellness-200x100.jpg 200w\" sizes=\"(max-width: 600px) 100vw, 600px\" loading=\"eager\" \/>\t\t\t\t\t\t\t\t\t\t\t\t\t<\/div>\n\t\t\t\t<\/div>\n\t\t\t\t<div class=\"elementor-element elementor-element-88e72a6 elementor-widget elementor-widget-aux_modern_heading\" data-id=\"88e72a6\" data-element_type=\"widget\" data-widget_type=\"aux_modern_heading.default\">\n\t\t\t\t<div class=\"elementor-widget-container\">\n\t\t\t<section class=\"aux-widget-modern-heading\">\n            <div class=\"aux-widget-inner\"><h2 class=\"aux-modern-heading-primary\">WELLNESS<\/h2><div class=\"aux-modern-heading-description\">The ideal way to recharge after a long day is to relax in our private wellness. <\/div><\/div>\n        <\/section>\t\t<\/div>\n\t\t\t\t<\/div>\n\t\t\t\t<div class=\"elementor-element elementor-element-7f2c9fd elementor-widget elementor-widget-aux_modern_button\" data-id=\"7f2c9fd\" data-element_type=\"widget\" data-widget_type=\"aux_modern_button.default\">\n\t\t\t\t<div class=\"elementor-widget-container\">\n\t\t\t    <div class=\"aux-modern-button-wrapper aux-modern-button-align-center\" >\n                    <a class=\"aux-modern-button aux-black aux-modern-button-lg aux-modern-button-normal aux-modern-button-default aux-icon-\" href=\"https:\/\/valasskysalet.com\/en\/ubytovani\/wellness-a-bazen\/\">\n                <div class=\"aux-overlay\"><\/div>\n                                    <div class=\"aux-icon\">\n                                            <\/div>\n                                <div class=\"aux-text\">\n<span class=\"aux-text-before\">More information<\/span>                <\/div>\n            <\/a>\n            \n    <\/div>\n\n    \t\t<\/div>\n\t\t\t\t<\/div>\n\t\t\t\t\t<\/div>\n\t\t<\/div>\n\t\t\t\t\t<\/div>\n\t\t<\/section>\n\t\t\t\t\t<\/div>\n\t\t<\/div>\n\t\t\t\t\t<\/div>\n\t\t<\/section>\n\t\t<div class=\"elementor-element elementor-element-6e1a29dc e-flex e-con-boxed e-con e-parent\" data-id=\"6e1a29dc\" data-element_type=\"container\">\n\t\t\t\t\t<div class=\"e-con-inner\">\n\t\t\t\t<div class=\"elementor-element elementor-element-4e04e68f elementor-widget elementor-widget-spacer\" data-id=\"4e04e68f\" data-element_type=\"widget\" data-widget_type=\"spacer.default\">\n\t\t\t\t<div class=\"elementor-widget-container\">\n\t\t\t<style>\/*! elementor - v3.21.0 - 18-04-2024 *\/\n.elementor-column .elementor-spacer-inner{height:var(--spacer-size)}.e-con{--container-widget-width:100%}.e-con-inner>.elementor-widget-spacer,.e-con>.elementor-widget-spacer{width:var(--container-widget-width,var(--spacer-size));--align-self:var(--container-widget-align-self,initial);--flex-shrink:0}.e-con-inner>.elementor-widget-spacer>.elementor-widget-container,.e-con>.elementor-widget-spacer>.elementor-widget-container{height:100%;width:100%}.e-con-inner>.elementor-widget-spacer>.elementor-widget-container>.elementor-spacer,.e-con>.elementor-widget-spacer>.elementor-widget-container>.elementor-spacer{height:100%}.e-con-inner>.elementor-widget-spacer>.elementor-widget-container>.elementor-spacer>.elementor-spacer-inner,.e-con>.elementor-widget-spacer>.elementor-widget-container>.elementor-spacer>.elementor-spacer-inner{height:var(--container-widget-height,var(--spacer-size))}.e-con-inner>.elementor-widget-spacer.elementor-widget-empty,.e-con>.elementor-widget-spacer.elementor-widget-empty{position:relative;min-height:22px;min-width:22px}.e-con-inner>.elementor-widget-spacer.elementor-widget-empty .elementor-widget-empty-icon,.e-con>.elementor-widget-spacer.elementor-widget-empty .elementor-widget-empty-icon{position:absolute;top:0;bottom:0;left:0;right:0;margin:auto;padding:0;width:22px;height:22px}<\/style>\t\t<div class=\"elementor-spacer\">\n\t\t\t<div class=\"elementor-spacer-inner\"><\/div>\n\t\t<\/div>\n\t\t\t\t<\/div>\n\t\t\t\t<\/div>\n\t\t\t\t\t<\/div>\n\t\t\t\t<\/div>\n\t\t\t\t<\/div>","protected":false},"excerpt":{"rendered":"<p>Ubytov\u00e1n\u00ed a slu\u017eby Vala\u0161sk\u00fd \u0160alet je ide\u00e1ln\u00edm m\u00edstem pro skupinov\u00e9 dovolen\u00e9, setk\u00e1n\u00ed a oslavy, sportovn\u00ed soust\u0159ed\u011bn\u00ed, srazy, oslavy v\u00fdro\u010d\u00ed a ostatn\u00ed akce. Svou polohou, kapacitou a vybavenost\u00ed jsou unik\u00e1tn\u00edm m\u00edstem, kam se budete cht\u00edt ur\u010dit\u011b r\u00e1di vracet. VELK\u00c1 CHALUPA Velk\u00e1 chalupa je ide\u00e1ln\u00edm m\u00edstem pro skupinov\u00e9 dovolen\u00e9, oslavy, sportovn\u00ed soust\u0159ed\u011bn\u00ed a ostatn\u00ed akce. V\u00edce informac\u00ed [&hellip;]<\/p>","protected":false},"author":1,"featured_media":0,"parent":0,"menu_order":0,"comment_status":"closed","ping_status":"closed","template":"","meta":{"footnotes":""},"class_list":["post-827","page","type-page","status-publish","hentry"],"_links":{"self":[{"href":"https:\/\/valasskysalet.com\/en\/wp-json\/wp\/v2\/pages\/827","targetHints":{"allow":["GET"]}}],"collection":[{"href":"https:\/\/valasskysalet.com\/en\/wp-json\/wp\/v2\/pages"}],"about":[{"href":"https:\/\/valasskysalet.com\/en\/wp-json\/wp\/v2\/types\/page"}],"author":[{"embeddable":true,"href":"https:\/\/valasskysalet.com\/en\/wp-json\/wp\/v2\/users\/1"}],"replies":[{"embeddable":true,"href":"https:\/\/valasskysalet.com\/en\/wp-json\/wp\/v2\/comments?post=827"}],"version-history":[{"count":28,"href":"https:\/\/valasskysalet.com\/en\/wp-json\/wp\/v2\/pages\/827\/revisions"}],"predecessor-version":[{"id":1159,"href":"https:\/\/valasskysalet.com\/en\/wp-json\/wp\/v2\/pages\/827\/revisions\/1159"}],"wp:attachment":[{"href":"https:\/\/valasskysalet.com\/en\/wp-json\/wp\/v2\/media?parent=827"}],"curies":[{"name":"wp","href":"https:\/\/api.w.org\/{rel}","templated":true}]}}